{"id":2206,"date":"2023-11-21T21:50:09","date_gmt":"2023-11-21T21:50:09","guid":{"rendered":"https:\/\/warpspeedhabits.com\/politica-de-privacidade\/"},"modified":"2024-01-22T16:20:05","modified_gmt":"2024-01-22T16:20:05","slug":"politica-de-privacidade","status":"publish","type":"page","link":"https:\/\/warpspeedhabits.com\/pt-pt\/politica-de-privacidade\/","title":{"rendered":"Pol\u00edtica de privacidade"},"content":{"rendered":"<p>[et_pb_section fb_built=&#8221;1&#8243; admin_label=&#8221;section&#8221; _builder_version=&#8221;4.23.1&#8243; min_height=&#8221;100vh&#8221; custom_padding=&#8221;0px||||false|false&#8221; global_colors_info=&#8221;{}&#8221;][et_pb_row admin_label=&#8221;row&#8221; _builder_version=&#8221;4.23.1&#8243; background_color=&#8221;#0a151c&#8221; background_size=&#8221;initial&#8221; background_position=&#8221;top_left&#8221; background_repeat=&#8221;repeat&#8221; width=&#8221;100%&#8221; max_width=&#8221;100%&#8221; custom_padding=&#8221;40px|20px|30px|20px|false|true&#8221; global_colors_info=&#8221;{}&#8221;][et_pb_column type=&#8221;4_4&#8243; _builder_version=&#8221;4.16&#8243; custom_padding=&#8221;|||&#8221; global_colors_info=&#8221;{}&#8221; custom_padding__hover=&#8221;|||&#8221;][et_pb_post_title meta=&#8221;off&#8221; featured_image=&#8221;off&#8221; _builder_version=&#8221;4.23.1&#8243; _module_preset=&#8221;default&#8221; title_text_color=&#8221;#917151&#8243; background_color=&#8221;RGBA(255,255,255,0)&#8221; max_width=&#8221;1080px&#8221; module_alignment=&#8221;center&#8221; custom_padding_tablet=&#8221;&#8221; custom_padding_phone=&#8221;|0px||0px|false|true&#8221; custom_padding_last_edited=&#8221;on|phone&#8221; global_colors_info=&#8221;{}&#8221;][\/et_pb_post_title][\/et_pb_column][\/et_pb_row][et_pb_row custom_padding_last_edited=&#8221;on|phone&#8221; _builder_version=&#8221;4.23.1&#8243; _module_preset=&#8221;default&#8221; width=&#8221;100%&#8221; max_width=&#8221;100%&#8221; custom_margin=&#8221;|0px||0px|false|false&#8221; custom_padding_tablet=&#8221;|20px||20px|false|true&#8221; custom_padding_phone=&#8221;|20px||20px|false|true&#8221; global_colors_info=&#8221;{}&#8221;][et_pb_column type=&#8221;4_4&#8243; _builder_version=&#8221;4.23.1&#8243; _module_preset=&#8221;default&#8221; global_colors_info=&#8221;{}&#8221;][et_pb_text _builder_version=&#8221;4.23.1&#8243; _module_preset=&#8221;default&#8221; max_width=&#8221;1080px&#8221; module_alignment=&#8221;center&#8221; hover_enabled=&#8221;0&#8243; global_colors_info=&#8221;{}&#8221; sticky_enabled=&#8221;0&#8243;]<\/p>\n<h5><\/h5>\n<p><strong><\/strong><\/p>\n<p>Esta Pol\u00edtica de Privacidade rege a forma como a Marco Neves Lda. recolhe, utiliza, mant\u00e9m e divulga dados pessoais dos visitantes do s\u00edtio Web em www.warpspeedhabits.com e dos clientes Esta Pol\u00edtica de Privacidade aplica-se ao s\u00edtio Web warpspeedhabits.com, bem como \u00e0 loja online.<\/p>\n<p>Quem \u00e9 respons\u00e1vel pelo tratamento dos dados?<\/p>\n<p>O Respons\u00e1vel pelo Tratamento dos seus dados pessoais \u00e9 a sociedade comercial Marco Neves Lda, adiante designada por NEXT LEADER, com sede na Travessa das Lavouras, 412, 4410-395 Vila Nova de Gaia, Portugal, com o NIF 507633008 e endere\u00e7o de correio eletr\u00f3nico <a href=\"mailto:queries@next-leader.com\">queries@next-leader.com.<\/a><\/p>\n<p>&nbsp;<\/p>\n<h5><strong>O que s\u00e3o dados pessoais?<\/strong><\/h5>\n<p><strong><\/strong><\/p>\n<p>Os dados pessoais s\u00e3o informa\u00e7\u00f5es espec\u00edficas sobre caracter\u00edsticas pessoais ou factuais relativas a uma pessoa que pode ser identificada a partir desses dados. Isto inclui informa\u00e7\u00f5es como o nome, a morada, o n\u00famero de telefone e a data de nascimento. As informa\u00e7\u00f5es que n\u00e3o podem ser identificadas como sendo do utilizador ou que n\u00e3o podem ser diretamente associadas \u00e0 sua identidade n\u00e3o s\u00e3o consideradas dados pessoais. Exigimos determinadas informa\u00e7\u00f5es pessoais dos nossos clientes ou utilizadores do nosso s\u00edtio Web e sistema para garantir que o identificamos claramente.<\/p>\n<p>&nbsp;<\/p>\n<h5><strong>Que dados pessoais recolhemos?<\/strong><\/h5>\n<p>&nbsp;<\/p>\n<p>Quando visita o nosso s\u00edtio Web, cria uma conta e\/ou efectua uma compra na nossa loja, podemos recolher e processar os seguintes dados pessoais:<\/p>\n<p style=\"padding-left: 40px;\">\u2022 Nome de utilizador<br \/>\u2022 Email<br \/>\u2022 Chamada<br \/>\u2022 Habita\u00e7\u00e3o<br \/>\u2022 IVA<br \/>\u2022 Dados do cart\u00e3o banc\u00e1rio<br \/>\u2022 Nome do destinat\u00e1rio<br \/>\u2022 Morada do destinat\u00e1rio<br \/>\u2022 Dados t\u00e9cnicos, como o endere\u00e7o IP, dados de localiza\u00e7\u00e3o<br \/>\u2022 Informa\u00e7\u00f5es sobre a forma como o utilizador utiliza o s\u00edtio Web e os nossos servi\u00e7os.<\/p>\n<p>Em qualquer caso, a NEXT LEADER apenas recolhe os dados necess\u00e1rios para responder aos seus pedidos.<br \/>Ao adquirir qualquer servi\u00e7o, o Cliente deve fornecer dados pessoais no ato da compra (&#8220;Dados de Terceiros&#8221;). Sendo o \u00fanico respons\u00e1vel por eles, na qualidade de &#8220;Respons\u00e1vel pelo tratamento de dados&#8221;, na medida em que esse tratamento \u00e9 regulado pelo RGPD e pelos seus regulamentos de desenvolvimento.<\/p>\n<p>Os dados pessoais recolhidos neste s\u00edtio Web n\u00e3o ser\u00e3o disponibilizados, vendidos, partilhados ou divulgados a terceiros, nem utilizados para outros fins que n\u00e3o os descritos no momento da sua recolha ou no \u00e2mbito da presente pol\u00edtica.<\/p>\n<p>A NEXT LEADER assume que os dados foram fornecidos pelo titular dos mesmos ou que este deu autoriza\u00e7\u00e3o para o efeito e presume que os mesmos s\u00e3o verdadeiros e se encontram actualizados.<\/p>\n<p>&nbsp;<\/p>\n<h5><strong>Para que \u00e9 que os seus dados pessoais s\u00e3o utilizados e qual \u00e9 a base legal para tal?<\/strong><\/h5>\n<p>&nbsp;<\/p>\n<p>Com base no seu consentimento, processamos os seus dados para efeitos de:<\/p>\n<p style=\"padding-left: 40px;\">\u2022 Envio de artigos e outros temas de interesse.<br \/>\u2022 Criar uma conta na loja online.<\/p>\n<p style=\"padding-left: 40px;\">Com base na execu\u00e7\u00e3o de um contrato de compra e venda de produtos, processamos os seus dados para efeitos de:<\/p>\n<p style=\"padding-left: 40px;\">\u2022 Gest\u00e3o de encomendas.<br \/>\u2022 Fatura\u00e7\u00e3o e verifica\u00e7\u00e3o dos meios de pagamento.<br \/>\u2022 Gest\u00e3o de devolu\u00e7\u00f5es.<\/p>\n<p style=\"padding-left: 40px;\">Para cumprir as obriga\u00e7\u00f5es legais, processamos os seus dados para efeitos de:<\/p>\n<p style=\"padding-left: 40px;\">\u2022 Gest\u00e3o das queixas.<br \/>\u2022 Cumprimento de outras obriga\u00e7\u00f5es legais ou regulamentares.<\/p>\n<h5><\/h5>\n<h5><strong>Com quem partilhamos os seus dados?<\/strong><\/h5>\n<p><strong><\/strong><\/p>\n<p>Os dados recolhidos e detidos pela NEXT LEADER poder\u00e3o ser transmitidos, no respeito pelo dever de confidencialidade e pelo princ\u00edpio da finalidade que presidiu \u00e0 sua recolha, \u00e0s seguintes entidades:<\/p>\n<p style=\"padding-left: 40px;\">a) autoridades judiciais ou administrativas, nos casos em que essa afeta\u00e7\u00e3o seja obrigat\u00f3ria.<br \/>b) Subcontratantes que tratar\u00e3o os dados em nome da NEXT LEADER para as finalidades acima identificadas, tais como prestadores de servi\u00e7os de contabilidade, bem como para a manuten\u00e7\u00e3o, alojamento e gest\u00e3o dos seus sistemas e equipamentos inform\u00e1ticos.<\/p>\n<h5><strong>Durante quanto tempo s\u00e3o armazenados os seus dados?<\/strong><\/h5>\n<p><strong><\/strong><\/p>\n<p>O per\u00edodo de tempo durante o qual os dados s\u00e3o armazenados e conservados varia de acordo com a finalidade para a qual a informa\u00e7\u00e3o \u00e9 tratada. Sempre que n\u00e3o exista um requisito legal espec\u00edfico, os dados ser\u00e3o armazenados e conservados apenas durante o per\u00edodo m\u00ednimo necess\u00e1rio para os fins para os quais foram recolhidos ou posteriormente tratados, ap\u00f3s o que ser\u00e3o eliminados.<\/p>\n<p>&nbsp;<\/p>\n<h5><strong>Processamos dados de crian\u00e7as?<\/strong><\/h5>\n<p><strong><\/strong><\/p>\n<p>Nem sempre \u00e9 poss\u00edvel \u00e0 NEXT LEADER determinar a idade das pessoas que acedem e utilizam o s\u00edtio Web. Neste sentido, se um menor fornecer os seus dados sem o consentimento dos seus respons\u00e1veis, pedimos-lhes que entrem em contacto com a NEXT LEADER para que essa informa\u00e7\u00e3o possa ser removida e todas as futuras comunica\u00e7\u00f5es com o menor sejam evitadas.<\/p>\n<p>&nbsp;<\/p>\n<h5><strong>Processamos os seus dados de forma segura?<\/strong><\/h5>\n<p><strong><\/strong><\/p>\n<p>A NEXT LEADER empenha-se em implementar todas as precau\u00e7\u00f5es necess\u00e1rias para preservar a confidencialidade e seguran\u00e7a dos dados pessoais recolhidos e tratados, impedindo que estes sejam distorcidos, danificados, destru\u00eddos ou que terceiros n\u00e3o autorizados tenham acesso aos mesmos. Foram desenvolvidas medidas de seguran\u00e7a t\u00e9cnicas e organizacionais de ponta, especialmente no que respeita aos sistemas de informa\u00e7\u00e3o. No entanto, n\u00e3o controlamos todos os riscos relacionados com a utiliza\u00e7\u00e3o da Internet, alertando para a exist\u00eancia de poss\u00edveis riscos associados \u00e0 sua utiliza\u00e7\u00e3o e funcionamento, e consequentemente \u00e0 partilha de dados pessoais por esta via.<\/p>\n<p>&nbsp;<\/p>\n<h5><strong>Seguran\u00e7a<\/strong><\/h5>\n<p><strong><\/strong><\/p>\n<p>A NEXT LEADER garante que adoptou os n\u00edveis de seguran\u00e7a legalmente exigidos para a prote\u00e7\u00e3o de dados pessoais e que instalou todos os meios e medidas de car\u00e1cter t\u00e9cnico, pessoal e organizativo ao seu dispor para garantir a confidencialidade, integridade e qualidade da informa\u00e7\u00e3o, bem como para evitar a perda, m\u00e1 utiliza\u00e7\u00e3o, altera\u00e7\u00e3o, acesso n\u00e3o autorizado e roubo dos dados pessoais fornecidos.<\/p>\n<p>&nbsp;<\/p>\n<h5><strong>Como \u00e9 efectuada a transfer\u00eancia internacional de dados?<\/strong><\/h5>\n<p><strong><\/strong><\/p>\n<p>No caso de transfer\u00eancias de dados para pa\u00edses terceiros que n\u00e3o perten\u00e7am \u00e0 Uni\u00e3o Europeia ou ao Espa\u00e7o Econ\u00f3mico Europeu, a NEXT LEADER cumprir\u00e1 com a lei, nomeadamente no que respeita \u00e0 adequabilidade do pa\u00eds de destino no que respeita a prote\u00e7\u00e3o de dados pessoais e aos requisitos que s\u00e3o aplic\u00e1veis a estas transfer\u00eancias, n\u00e3o sendo transferidos dados pessoais para jurisdi\u00e7\u00f5es que n\u00e3o ofere\u00e7am garantias de seguran\u00e7a e prote\u00e7\u00e3o.<\/p>\n<p>&nbsp;<\/p>\n<h5><strong>Altera\u00e7\u00f5es a esta Pol\u00edtica de Privacidade<\/strong><\/h5>\n<p><strong><\/strong><\/p>\n<p>Fica ao crit\u00e9rio da NEXT LEADER atualizar esta Pol\u00edtica de Privacidade em qualquer altura. Recomenda-se aos clientes que consultem frequentemente esta p\u00e1gina para verificar as altera\u00e7\u00f5es efectuadas. O Cliente reconhece e aceita que \u00e9 da sua responsabilidade verificar periodicamente esta Pol\u00edtica de Privacidade, tomando conhecimento das altera\u00e7\u00f5es efectuadas.<\/p>\n<p>&nbsp;<\/p>\n<h5><strong>Pol\u00edtica de cookies<\/strong><\/h5>\n<p><strong><\/strong><\/p>\n<p>Este s\u00edtio Web pode utilizar cookies e\/ou web beacons quando um utilizador acede \u00e0s p\u00e1ginas. Os cookies que podem ser utilizados est\u00e3o associados (caso existam) apenas ao navegador de um determinado computador, tablet ou telem\u00f3vel.<\/p>\n<p>Os cookies utilizados neste s\u00edtio Web podem ser instalados pelo s\u00edtio Web, com origem nos diferentes servidores por ele geridos, ou nos servidores de terceiros que prestam servi\u00e7os e instalam cookies e\/ou web beacons (por exemplo, cookies utilizados para servi\u00e7os estat\u00edsticos ou determinados conte\u00fados externos). Pode pesquisar o seu computador de acordo com as instru\u00e7\u00f5es do seu browser e encontrar e remover cookies. Os cookies s\u00e3o necess\u00e1rios para que seja poss\u00edvel identificar que um browser (e supostamente uma pessoa que est\u00e1 a usar esse browser) que acede a v\u00e1rias p\u00e1ginas de um site \u00e9 o mesmo browser (e supostamente a mesma pessoa) que acedeu a uma determinada p\u00e1gina, isto \u00e9 normalmente f\u00e1cil de exemplificar com o login, quando um utilizador faz login num site, esse site guarda um cookie no browser com um identificador \u00fanico que depois permite saber que foi esse login que pediu uma determinada p\u00e1gina e assim poder mostrar informa\u00e7\u00f5es ou fornecer funcionalidades espec\u00edficas para esse utilizador.<\/p>\n<p>Este s\u00edtio Web utiliza cookies para proporcionar a melhor experi\u00eancia poss\u00edvel na utiliza\u00e7\u00e3o e consulta deste s\u00edtio Web, nomeadamente nas seguintes situa\u00e7\u00f5es:<\/p>\n<p>&#8211; Partilha de conte\u00fados nas redes sociais &#8211; Visualiza\u00e7\u00e3o de conte\u00fados de terceiros (por exemplo, v\u00eddeos) &#8211; Recolha de estat\u00edsticas<\/p>\n<p>N\u00e3o utilizamos cookies para: &#8211; recolher informa\u00e7\u00f5es que permitam a sua identifica\u00e7\u00e3o &#8211; recolher informa\u00e7\u00f5es sens\u00edveis sobre si &#8211; transmitir informa\u00e7\u00f5es que o identifiquem a terceiros.<\/p>\n<p>Cookies para estat\u00edsticas an\u00f3nimas sobre os visitantes deste s\u00edtio Web.<br \/>Este s\u00edtio Web utiliza cookies para compilar estat\u00edsticas sobre as visitas, para conhecer informa\u00e7\u00f5es an\u00f3nimas sobre o n\u00famero de visitas que recebe, que tecnologia \u00e9 utilizada para aceder ao s\u00edtio Web, que p\u00e1ginas s\u00e3o visualizadas e durante quanto tempo, entre muitos outros indicadores estat\u00edsticos an\u00f3nimos.<\/p>\n<p>Estas informa\u00e7\u00f5es permitem a este s\u00edtio Web melhorar continuamente a experi\u00eancia dos seus visitantes. O software que este s\u00edtio Web utiliza para a recolha de estat\u00edsticas \u00e9 o Google Analytics.<\/p>\n<p>Este s\u00edtio Web utiliza este tipo de cookies: &#8211; Google Analytics- Pol\u00edtica de privacidade da Google<br \/>Se n\u00e3o quiser que as suas visitas a s\u00edtios Web e blogues sejam detectadas pelo Google Analytics, v\u00e1 a <a href=\"http:\/\/tools.google.com\/dlpage\/gaoptout\">http:\/\/tools.google.com\/dlpage\/gaoptout<\/a><\/p>\n<p>Para mais informa\u00e7\u00f5es sobre cookies, incluindo para saber que cookies foram definidos e como podem ser geridos e eliminados, visite <a href=\"http:\/\/www.allaboutcookies.org\/\">http:\/\/www.allaboutcookies.org\/<\/a><\/p>\n<p>&nbsp;<\/p>\n<h5><strong>Altera\u00e7\u00f5es \u00e0 pol\u00edtica de cookies<\/strong><\/h5>\n<p><strong><\/strong><\/p>\n<p>A NEXT LEADER reserva-se o direito de efetuar ajustamentos ou altera\u00e7\u00f5es a esta pol\u00edtica de cookies em qualquer altura. Se o utilizador continuar a utilizar o nosso s\u00edtio Web, est\u00e1 a aceitar estas altera\u00e7\u00f5es.<\/p>\n<p>&nbsp;<\/p>\n<p>&nbsp;<\/p>\n<h5><strong>Que tipo de cookies utiliza o WARP SPEED HABITS?<\/strong><\/h5>\n<p>&nbsp;<\/p>\n<p>Cookies de sess\u00e3o: S\u00e3o cookies tempor\u00e1rios que permanecem no arquivo de cookies do browser durante a navega\u00e7\u00e3o no website, n\u00e3o ficando qualquer registo no disco r\u00edgido do utilizador. As informa\u00e7\u00f5es recolhidas por estes cookies destinam-se a analisar os padr\u00f5es de tr\u00e1fego do s\u00edtio Web. Em suma, isto permite-nos melhorar o servi\u00e7o prestado atrav\u00e9s do conte\u00fado e da usabilidade do s\u00edtio Web.<br \/>Cookies de an\u00e1lise: S\u00e3o aqueles que s\u00e3o bem tratados e que nos permitem quantificar o n\u00famero de utilizadores e realizar medi\u00e7\u00f5es e an\u00e1lises estat\u00edsticas sobre a forma como os utilizadores utilizam o servi\u00e7o oferecido pela WARP SPEED HABITS. Examinamos a navega\u00e7\u00e3o no nosso s\u00edtio Web, com o objetivo de melhorar o fornecimento dos produtos ou servi\u00e7os dispon\u00edveis.<br \/>Cookies publicit\u00e1rios: S\u00e3o aqueles que, quando tratados corretamente, nos permitem gerir de forma mais eficaz a informa\u00e7\u00e3o inclu\u00edda nos espa\u00e7os publicit\u00e1rios do site, podendo analisar os seus h\u00e1bitos de navega\u00e7\u00e3o e mostrar-lhe publicidade relacionada com o seu perfil de navega\u00e7\u00e3o.<\/p>\n<p>&nbsp;<\/p>\n<h5><strong>O que significa n\u00e3o autorizar a utiliza\u00e7\u00e3o de cookies?<\/strong><strong><\/strong><\/h5>\n<p>&nbsp;<\/p>\n<p>Se preferir n\u00e3o permitir cookies, pode desactiv\u00e1-los no navegador de Internet que utiliza, mas deve ter em conta que esta decis\u00e3o pode impedir que algumas p\u00e1ginas Web sejam apresentadas corretamente.<\/p>\n<p>&nbsp;<\/p>\n<h5><strong>Como posso gerir os cookies?<\/strong><\/h5>\n<p>&nbsp;<\/p>\n<p>Todos os browsers permitem ao utilizador aceitar, recusar ou apagar cookies, seleccionando as defini\u00e7\u00f5es avan\u00e7adas do browser. \u00c9 poss\u00edvel configurar os cookies no menu &#8220;op\u00e7\u00f5es&#8221; ou &#8220;prefer\u00eancias&#8221;. Note-se, no entanto, que esta decis\u00e3o pode impedir a visualiza\u00e7\u00e3o correcta de algumas p\u00e1ginas, o que pode afetar parcial ou totalmente a sua experi\u00eancia de utiliza\u00e7\u00e3o do s\u00edtio Web.<\/p>\n<p>[\/et_pb_text][\/et_pb_column][\/et_pb_row][\/et_pb_section]<\/p>\n","protected":false},"excerpt":{"rendered":"<p>Esta Pol\u00edtica de Privacidade rege a forma como a Marco Neves Lda. recolhe, utiliza, mant\u00e9m e divulga dados pessoais dos visitantes do s\u00edtio Web em www.warpspeedhabits.com e dos clientes Esta Pol\u00edtica de Privacidade aplica-se ao s\u00edtio Web warpspeedhabits.com, bem como \u00e0 loja online. Quem \u00e9 respons\u00e1vel pelo tratamento dos dados? O Respons\u00e1vel pelo Tratamento dos [&hellip;]<\/p>\n","protected":false},"author":1,"featured_media":0,"parent":0,"menu_order":0,"comment_status":"closed","ping_status":"open","template":"","meta":{"_et_pb_use_builder":"on","_et_pb_old_content":"","_et_gb_content_width":"","footnotes":""},"class_list":["post-2206","page","type-page","status-publish","hentry"],"yoast_head":"<!-- This site is optimized with the Yoast SEO plugin v25.6 - https:\/\/yoast.com\/wordpress\/plugins\/seo\/ -->\n<title>Pol\u00edtica de privacidade - Warp Speed Habits<\/title>\n<meta name=\"robots\" content=\"index, follow, max-snippet:-1, max-image-preview:large, max-video-preview:-1\" \/>\n<link rel=\"canonical\" href=\"https:\/\/warpspeedhabits.com\/pt-pt\/politica-de-privacidade\/\" \/>\n<meta property=\"og:locale\" content=\"pt_PT\" \/>\n<meta property=\"og:type\" content=\"article\" \/>\n<meta property=\"og:title\" content=\"Pol\u00edtica de privacidade - Warp Speed Habits\" \/>\n<meta property=\"og:description\" content=\"Esta Pol\u00edtica de Privacidade rege a forma como a Marco Neves Lda. recolhe, utiliza, mant\u00e9m e divulga dados pessoais dos visitantes do s\u00edtio Web em www.warpspeedhabits.com e dos clientes Esta Pol\u00edtica de Privacidade aplica-se ao s\u00edtio Web warpspeedhabits.com, bem como \u00e0 loja online. Quem \u00e9 respons\u00e1vel pelo tratamento dos dados? O Respons\u00e1vel pelo Tratamento dos [&hellip;]\" \/>\n<meta property=\"og:url\" content=\"https:\/\/warpspeedhabits.com\/pt-pt\/politica-de-privacidade\/\" \/>\n<meta property=\"og:site_name\" content=\"Warp Speed Habits\" \/>\n<meta property=\"article:modified_time\" content=\"2024-01-22T16:20:05+00:00\" \/>\n<meta name=\"twitter:card\" content=\"summary_large_image\" \/>\n<meta name=\"twitter:label1\" content=\"Tempo estimado de leitura\" \/>\n\t<meta name=\"twitter:data1\" content=\"11 minutos\" \/>\n<script type=\"application\/ld+json\" class=\"yoast-schema-graph\">{\"@context\":\"https:\/\/schema.org\",\"@graph\":[{\"@type\":\"WebPage\",\"@id\":\"https:\/\/warpspeedhabits.com\/pt-pt\/politica-de-privacidade\/\",\"url\":\"https:\/\/warpspeedhabits.com\/pt-pt\/politica-de-privacidade\/\",\"name\":\"Pol\u00edtica de privacidade - Warp Speed Habits\",\"isPartOf\":{\"@id\":\"https:\/\/warpspeedhabits.com\/pt-pt\/#website\"},\"datePublished\":\"2023-11-21T21:50:09+00:00\",\"dateModified\":\"2024-01-22T16:20:05+00:00\",\"breadcrumb\":{\"@id\":\"https:\/\/warpspeedhabits.com\/pt-pt\/politica-de-privacidade\/#breadcrumb\"},\"inLanguage\":\"pt-PT\",\"potentialAction\":[{\"@type\":\"ReadAction\",\"target\":[\"https:\/\/warpspeedhabits.com\/pt-pt\/politica-de-privacidade\/\"]}]},{\"@type\":\"BreadcrumbList\",\"@id\":\"https:\/\/warpspeedhabits.com\/pt-pt\/politica-de-privacidade\/#breadcrumb\",\"itemListElement\":[{\"@type\":\"ListItem\",\"position\":1,\"name\":\"Home\",\"item\":\"https:\/\/warpspeedhabits.com\/pt-pt\/\"},{\"@type\":\"ListItem\",\"position\":2,\"name\":\"Pol\u00edtica de privacidade\"}]},{\"@type\":\"WebSite\",\"@id\":\"https:\/\/warpspeedhabits.com\/pt-pt\/#website\",\"url\":\"https:\/\/warpspeedhabits.com\/pt-pt\/\",\"name\":\"Warp Speed Habits\",\"description\":\"Business Transformation\",\"potentialAction\":[{\"@type\":\"SearchAction\",\"target\":{\"@type\":\"EntryPoint\",\"urlTemplate\":\"https:\/\/warpspeedhabits.com\/pt-pt\/?s={search_term_string}\"},\"query-input\":{\"@type\":\"PropertyValueSpecification\",\"valueRequired\":true,\"valueName\":\"search_term_string\"}}],\"inLanguage\":\"pt-PT\"}]}<\/script>\n<!-- \/ Yoast SEO plugin. -->","yoast_head_json":{"title":"Pol\u00edtica de privacidade - Warp Speed Habits","robots":{"index":"index","follow":"follow","max-snippet":"max-snippet:-1","max-image-preview":"max-image-preview:large","max-video-preview":"max-video-preview:-1"},"canonical":"https:\/\/warpspeedhabits.com\/pt-pt\/politica-de-privacidade\/","og_locale":"pt_PT","og_type":"article","og_title":"Pol\u00edtica de privacidade - Warp Speed Habits","og_description":"Esta Pol\u00edtica de Privacidade rege a forma como a Marco Neves Lda. recolhe, utiliza, mant\u00e9m e divulga dados pessoais dos visitantes do s\u00edtio Web em www.warpspeedhabits.com e dos clientes Esta Pol\u00edtica de Privacidade aplica-se ao s\u00edtio Web warpspeedhabits.com, bem como \u00e0 loja online. Quem \u00e9 respons\u00e1vel pelo tratamento dos dados? O Respons\u00e1vel pelo Tratamento dos [&hellip;]","og_url":"https:\/\/warpspeedhabits.com\/pt-pt\/politica-de-privacidade\/","og_site_name":"Warp Speed Habits","article_modified_time":"2024-01-22T16:20:05+00:00","twitter_card":"summary_large_image","twitter_misc":{"Tempo estimado de leitura":"11 minutos"},"schema":{"@context":"https:\/\/schema.org","@graph":[{"@type":"WebPage","@id":"https:\/\/warpspeedhabits.com\/pt-pt\/politica-de-privacidade\/","url":"https:\/\/warpspeedhabits.com\/pt-pt\/politica-de-privacidade\/","name":"Pol\u00edtica de privacidade - Warp Speed Habits","isPartOf":{"@id":"https:\/\/warpspeedhabits.com\/pt-pt\/#website"},"datePublished":"2023-11-21T21:50:09+00:00","dateModified":"2024-01-22T16:20:05+00:00","breadcrumb":{"@id":"https:\/\/warpspeedhabits.com\/pt-pt\/politica-de-privacidade\/#breadcrumb"},"inLanguage":"pt-PT","potentialAction":[{"@type":"ReadAction","target":["https:\/\/warpspeedhabits.com\/pt-pt\/politica-de-privacidade\/"]}]},{"@type":"BreadcrumbList","@id":"https:\/\/warpspeedhabits.com\/pt-pt\/politica-de-privacidade\/#breadcrumb","itemListElement":[{"@type":"ListItem","position":1,"name":"Home","item":"https:\/\/warpspeedhabits.com\/pt-pt\/"},{"@type":"ListItem","position":2,"name":"Pol\u00edtica de privacidade"}]},{"@type":"WebSite","@id":"https:\/\/warpspeedhabits.com\/pt-pt\/#website","url":"https:\/\/warpspeedhabits.com\/pt-pt\/","name":"Warp Speed Habits","description":"Business Transformation","potentialAction":[{"@type":"SearchAction","target":{"@type":"EntryPoint","urlTemplate":"https:\/\/warpspeedhabits.com\/pt-pt\/?s={search_term_string}"},"query-input":{"@type":"PropertyValueSpecification","valueRequired":true,"valueName":"search_term_string"}}],"inLanguage":"pt-PT"}]}},"jetpack_sharing_enabled":true,"_links":{"self":[{"href":"https:\/\/warpspeedhabits.com\/pt-pt\/wp-json\/wp\/v2\/pages\/2206","targetHints":{"allow":["GET"]}}],"collection":[{"href":"https:\/\/warpspeedhabits.com\/pt-pt\/wp-json\/wp\/v2\/pages"}],"about":[{"href":"https:\/\/warpspeedhabits.com\/pt-pt\/wp-json\/wp\/v2\/types\/page"}],"author":[{"embeddable":true,"href":"https:\/\/warpspeedhabits.com\/pt-pt\/wp-json\/wp\/v2\/users\/1"}],"replies":[{"embeddable":true,"href":"https:\/\/warpspeedhabits.com\/pt-pt\/wp-json\/wp\/v2\/comments?post=2206"}],"version-history":[{"count":4,"href":"https:\/\/warpspeedhabits.com\/pt-pt\/wp-json\/wp\/v2\/pages\/2206\/revisions"}],"predecessor-version":[{"id":2220,"href":"https:\/\/warpspeedhabits.com\/pt-pt\/wp-json\/wp\/v2\/pages\/2206\/revisions\/2220"}],"wp:attachment":[{"href":"https:\/\/warpspeedhabits.com\/pt-pt\/wp-json\/wp\/v2\/media?parent=2206"}],"curies":[{"name":"wp","href":"https:\/\/api.w.org\/{rel}","templated":true}]}}