{"id":3650,"date":"2024-01-23T17:18:25","date_gmt":"2024-01-23T17:18:25","guid":{"rendered":"https:\/\/warpspeedhabits.com\/workbook\/"},"modified":"2024-02-09T09:25:46","modified_gmt":"2024-02-09T09:25:46","slug":"workbook","status":"publish","type":"page","link":"https:\/\/warpspeedhabits.com\/pt-pt\/workbook\/","title":{"rendered":"Workbook"},"content":{"rendered":"<p>[et_pb_section fb_built=&#8221;1&#8243; _builder_version=&#8221;4.23.1&#8243; _module_preset=&#8221;default&#8221; min_height=&#8221;100vh&#8221; custom_margin=&#8221;0px||0px||false|false&#8221; custom_padding=&#8221;0px||0px||false|false&#8221; global_colors_info=&#8221;{}&#8221;][et_pb_row _builder_version=&#8221;4.23.1&#8243; _module_preset=&#8221;default&#8221; background_color=&#8221;#0a151c&#8221; width=&#8221;100%&#8221; max_width=&#8221;unset&#8221; global_colors_info=&#8221;{}&#8221;][et_pb_column type=&#8221;4_4&#8243; _builder_version=&#8221;4.23.1&#8243; _module_preset=&#8221;default&#8221; global_colors_info=&#8221;{}&#8221;][et_pb_text _builder_version=&#8221;4.23.1&#8243; _module_preset=&#8221;default&#8221; text_text_color=&#8221;#FFFFFF&#8221; text_font_size=&#8221;30px&#8221; max_width=&#8221;1120px&#8221; module_alignment=&#8221;center&#8221; custom_padding=&#8221;20px|20px|20px|20px|false|false&#8221; global_colors_info=&#8221;{}&#8221;]<\/p>\n<p>Workbook<\/p>\n<p>[\/et_pb_text][\/et_pb_column][\/et_pb_row][et_pb_row disabled_on=&#8221;on|on|off&#8221; module_class=&#8221;sky_adblock&#8221; _builder_version=&#8221;4.23.1&#8243; _module_preset=&#8221;default&#8221; custom_margin=&#8221;100px||||false|false&#8221; hover_enabled=&#8221;0&#8243; custom_css_main_element=&#8221;display: none;&#8221; global_colors_info=&#8221;{}&#8221; sticky_enabled=&#8221;0&#8243;][et_pb_column type=&#8221;4_4&#8243; _builder_version=&#8221;4.23.1&#8243; _module_preset=&#8221;default&#8221; global_colors_info=&#8221;{}&#8221;][et_pb_text _builder_version=&#8221;4.23.1&#8243; _module_preset=&#8221;default&#8221; global_colors_info=&#8221;{}&#8221;]<\/p>\n<p style=\"text-align: center;\"><strong>Desativar o Bloqueador de An\u00fancios<\/strong><\/p>\n<p style=\"text-align: center;\"><span>Bem-vindo! Para aceder ao formul\u00e1rio, desactive temporariamente o seu bloqueador de an\u00fancios. Pode impedir a visualiza\u00e7\u00e3o do formul\u00e1rio. A sua privacidade n\u00e3o ser\u00e1 comprometida. Obrigado!<\/span><\/p>\n<p>[\/et_pb_text][\/et_pb_column][\/et_pb_row][et_pb_row disabled_on=&#8221;off|off|off&#8221; _builder_version=&#8221;4.23.1&#8243; _module_preset=&#8221;default&#8221; custom_margin=&#8221;80px||||false|false&#8221; custom_margin_tablet=&#8221;80px||||false|false&#8221; custom_margin_phone=&#8221;0px||||false|false&#8221; custom_margin_last_edited=&#8221;on|phone&#8221; global_colors_info=&#8221;{}&#8221;][et_pb_column type=&#8221;4_4&#8243; _builder_version=&#8221;4.23.1&#8243; _module_preset=&#8221;default&#8221; global_colors_info=&#8221;{}&#8221;][et_pb_text _builder_version=&#8221;4.23.1&#8243; _module_preset=&#8221;default&#8221; global_colors_info=&#8221;{}&#8221;]<\/p>\n<div class=\"eg-embed-feze26MF\"><\/div>\n<p>[\/et_pb_text][\/et_pb_column][\/et_pb_row][et_pb_row disabled_on=&#8221;on|on|on&#8221; _builder_version=&#8221;4.23.1&#8243; _module_preset=&#8221;default&#8221; custom_margin=&#8221;80px||||false|false&#8221; custom_margin_tablet=&#8221;80px||||false|false&#8221; custom_margin_phone=&#8221;0px||||false|false&#8221; custom_margin_last_edited=&#8221;on|phone&#8221; disabled=&#8221;on&#8221; global_colors_info=&#8221;{}&#8221;][et_pb_column type=&#8221;4_4&#8243; _builder_version=&#8221;4.23.1&#8243; _module_preset=&#8221;default&#8221; global_colors_info=&#8221;{}&#8221;][et_pb_text _builder_version=&#8221;4.23.1&#8243; _module_preset=&#8221;default&#8221; global_colors_info=&#8221;{}&#8221;]<\/p>\n<div class=\"eg-embed-fewe26MF\"><\/div>\n<p>[\/et_pb_text][\/et_pb_column][\/et_pb_row][et_pb_row _builder_version=&#8221;4.23.1&#8243; _module_preset=&#8221;default&#8221; global_colors_info=&#8221;{}&#8221;][et_pb_column type=&#8221;4_4&#8243; _builder_version=&#8221;4.23.1&#8243; _module_preset=&#8221;default&#8221; global_colors_info=&#8221;{}&#8221;][et_pb_code _builder_version=&#8221;4.23.1&#8243; _module_preset=&#8221;default&#8221; global_colors_info=&#8221;{}&#8221;]<script><!-- [et_pb_line_break_holder] -->$(window).on('load', function() {<!-- [et_pb_line_break_holder] -->    <!-- [et_pb_line_break_holder] -->    if ($('.eg-embed-fewe26MF').length > 0) {<!-- [et_pb_line_break_holder] -->      if ($('.eg-embed-fewe26MF').find('iframe').length > 0) {<!-- [et_pb_line_break_holder] -->          $('.sky_adblock').css('display', 'none');<!-- [et_pb_line_break_holder] -->      } else {<!-- [et_pb_line_break_holder] -->          $('.sky_adblock').css('display', 'block');<!-- [et_pb_line_break_holder] -->      }<!-- [et_pb_line_break_holder] -->    }<!-- [et_pb_line_break_holder] -->  <!-- [et_pb_line_break_holder] -->  \tif ($('.eg-embed-feze26MF').length > 0) {<!-- [et_pb_line_break_holder] -->      if ($('.eg-embed-feze26MF').find('iframe').length > 0) {<!-- [et_pb_line_break_holder] -->          $('.sky_adblock').css('display', 'none');<!-- [et_pb_line_break_holder] -->      } else {<!-- [et_pb_line_break_holder] -->          $('.sky_adblock').css('display', 'block');<!-- [et_pb_line_break_holder] -->      }<!-- [et_pb_line_break_holder] -->    }<!-- [et_pb_line_break_holder] -->});<!-- [et_pb_line_break_holder] --><\/script><!-- [et_pb_line_break_holder] --><!-- [et_pb_line_break_holder] -->[\/et_pb_code][\/et_pb_column][\/et_pb_row][\/et_pb_section]<\/p>\n","protected":false},"excerpt":{"rendered":"<p>WorkbookDesativar o Bloqueador de An\u00fancios Bem-vindo! Para aceder ao formul\u00e1rio, desactive temporariamente o seu bloqueador de an\u00fancios. Pode impedir a visualiza\u00e7\u00e3o do formul\u00e1rio. A sua privacidade n\u00e3o ser\u00e1 comprometida. Obrigado!<\/p>\n","protected":false},"author":1,"featured_media":0,"parent":0,"menu_order":0,"comment_status":"closed","ping_status":"closed","template":"","meta":{"_et_pb_use_builder":"on","_et_pb_old_content":"","_et_gb_content_width":"","footnotes":""},"class_list":["post-3650","page","type-page","status-publish","hentry"],"yoast_head":"<!-- This site is optimized with the Yoast SEO plugin v25.6 - https:\/\/yoast.com\/wordpress\/plugins\/seo\/ -->\n<title>Workbook - Warp Speed Habits<\/title>\n<meta name=\"robots\" content=\"index, follow, max-snippet:-1, max-image-preview:large, max-video-preview:-1\" \/>\n<link rel=\"canonical\" href=\"https:\/\/warpspeedhabits.com\/pt-pt\/workbook\/\" \/>\n<meta property=\"og:locale\" content=\"pt_PT\" \/>\n<meta property=\"og:type\" content=\"article\" \/>\n<meta property=\"og:title\" content=\"Workbook - Warp Speed Habits\" \/>\n<meta property=\"og:description\" content=\"WorkbookDesativar o Bloqueador de An\u00fancios Bem-vindo! Para aceder ao formul\u00e1rio, desactive temporariamente o seu bloqueador de an\u00fancios. Pode impedir a visualiza\u00e7\u00e3o do formul\u00e1rio. A sua privacidade n\u00e3o ser\u00e1 comprometida. Obrigado!\" \/>\n<meta property=\"og:url\" content=\"https:\/\/warpspeedhabits.com\/pt-pt\/workbook\/\" \/>\n<meta property=\"og:site_name\" content=\"Warp Speed Habits\" \/>\n<meta property=\"article:modified_time\" content=\"2024-02-09T09:25:46+00:00\" \/>\n<meta name=\"twitter:card\" content=\"summary_large_image\" \/>\n<meta name=\"twitter:label1\" content=\"Tempo estimado de leitura\" \/>\n\t<meta name=\"twitter:data1\" content=\"2 minutos\" \/>\n<script type=\"application\/ld+json\" class=\"yoast-schema-graph\">{\"@context\":\"https:\/\/schema.org\",\"@graph\":[{\"@type\":\"WebPage\",\"@id\":\"https:\/\/warpspeedhabits.com\/pt-pt\/workbook\/\",\"url\":\"https:\/\/warpspeedhabits.com\/pt-pt\/workbook\/\",\"name\":\"Workbook - Warp Speed Habits\",\"isPartOf\":{\"@id\":\"https:\/\/warpspeedhabits.com\/pt-pt\/#website\"},\"datePublished\":\"2024-01-23T17:18:25+00:00\",\"dateModified\":\"2024-02-09T09:25:46+00:00\",\"breadcrumb\":{\"@id\":\"https:\/\/warpspeedhabits.com\/pt-pt\/workbook\/#breadcrumb\"},\"inLanguage\":\"pt-PT\",\"potentialAction\":[{\"@type\":\"ReadAction\",\"target\":[\"https:\/\/warpspeedhabits.com\/pt-pt\/workbook\/\"]}]},{\"@type\":\"BreadcrumbList\",\"@id\":\"https:\/\/warpspeedhabits.com\/pt-pt\/workbook\/#breadcrumb\",\"itemListElement\":[{\"@type\":\"ListItem\",\"position\":1,\"name\":\"Home\",\"item\":\"https:\/\/warpspeedhabits.com\/pt-pt\/\"},{\"@type\":\"ListItem\",\"position\":2,\"name\":\"Workbook\"}]},{\"@type\":\"WebSite\",\"@id\":\"https:\/\/warpspeedhabits.com\/pt-pt\/#website\",\"url\":\"https:\/\/warpspeedhabits.com\/pt-pt\/\",\"name\":\"Warp Speed Habits\",\"description\":\"Business Transformation\",\"potentialAction\":[{\"@type\":\"SearchAction\",\"target\":{\"@type\":\"EntryPoint\",\"urlTemplate\":\"https:\/\/warpspeedhabits.com\/pt-pt\/?s={search_term_string}\"},\"query-input\":{\"@type\":\"PropertyValueSpecification\",\"valueRequired\":true,\"valueName\":\"search_term_string\"}}],\"inLanguage\":\"pt-PT\"}]}<\/script>\n<!-- \/ Yoast SEO plugin. -->","yoast_head_json":{"title":"Workbook - Warp Speed Habits","robots":{"index":"index","follow":"follow","max-snippet":"max-snippet:-1","max-image-preview":"max-image-preview:large","max-video-preview":"max-video-preview:-1"},"canonical":"https:\/\/warpspeedhabits.com\/pt-pt\/workbook\/","og_locale":"pt_PT","og_type":"article","og_title":"Workbook - Warp Speed Habits","og_description":"WorkbookDesativar o Bloqueador de An\u00fancios Bem-vindo! Para aceder ao formul\u00e1rio, desactive temporariamente o seu bloqueador de an\u00fancios. Pode impedir a visualiza\u00e7\u00e3o do formul\u00e1rio. A sua privacidade n\u00e3o ser\u00e1 comprometida. Obrigado!","og_url":"https:\/\/warpspeedhabits.com\/pt-pt\/workbook\/","og_site_name":"Warp Speed Habits","article_modified_time":"2024-02-09T09:25:46+00:00","twitter_card":"summary_large_image","twitter_misc":{"Tempo estimado de leitura":"2 minutos"},"schema":{"@context":"https:\/\/schema.org","@graph":[{"@type":"WebPage","@id":"https:\/\/warpspeedhabits.com\/pt-pt\/workbook\/","url":"https:\/\/warpspeedhabits.com\/pt-pt\/workbook\/","name":"Workbook - Warp Speed Habits","isPartOf":{"@id":"https:\/\/warpspeedhabits.com\/pt-pt\/#website"},"datePublished":"2024-01-23T17:18:25+00:00","dateModified":"2024-02-09T09:25:46+00:00","breadcrumb":{"@id":"https:\/\/warpspeedhabits.com\/pt-pt\/workbook\/#breadcrumb"},"inLanguage":"pt-PT","potentialAction":[{"@type":"ReadAction","target":["https:\/\/warpspeedhabits.com\/pt-pt\/workbook\/"]}]},{"@type":"BreadcrumbList","@id":"https:\/\/warpspeedhabits.com\/pt-pt\/workbook\/#breadcrumb","itemListElement":[{"@type":"ListItem","position":1,"name":"Home","item":"https:\/\/warpspeedhabits.com\/pt-pt\/"},{"@type":"ListItem","position":2,"name":"Workbook"}]},{"@type":"WebSite","@id":"https:\/\/warpspeedhabits.com\/pt-pt\/#website","url":"https:\/\/warpspeedhabits.com\/pt-pt\/","name":"Warp Speed Habits","description":"Business Transformation","potentialAction":[{"@type":"SearchAction","target":{"@type":"EntryPoint","urlTemplate":"https:\/\/warpspeedhabits.com\/pt-pt\/?s={search_term_string}"},"query-input":{"@type":"PropertyValueSpecification","valueRequired":true,"valueName":"search_term_string"}}],"inLanguage":"pt-PT"}]}},"jetpack_sharing_enabled":true,"_links":{"self":[{"href":"https:\/\/warpspeedhabits.com\/pt-pt\/wp-json\/wp\/v2\/pages\/3650","targetHints":{"allow":["GET"]}}],"collection":[{"href":"https:\/\/warpspeedhabits.com\/pt-pt\/wp-json\/wp\/v2\/pages"}],"about":[{"href":"https:\/\/warpspeedhabits.com\/pt-pt\/wp-json\/wp\/v2\/types\/page"}],"author":[{"embeddable":true,"href":"https:\/\/warpspeedhabits.com\/pt-pt\/wp-json\/wp\/v2\/users\/1"}],"replies":[{"embeddable":true,"href":"https:\/\/warpspeedhabits.com\/pt-pt\/wp-json\/wp\/v2\/comments?post=3650"}],"version-history":[{"count":33,"href":"https:\/\/warpspeedhabits.com\/pt-pt\/wp-json\/wp\/v2\/pages\/3650\/revisions"}],"predecessor-version":[{"id":3812,"href":"https:\/\/warpspeedhabits.com\/pt-pt\/wp-json\/wp\/v2\/pages\/3650\/revisions\/3812"}],"wp:attachment":[{"href":"https:\/\/warpspeedhabits.com\/pt-pt\/wp-json\/wp\/v2\/media?parent=3650"}],"curies":[{"name":"wp","href":"https:\/\/api.w.org\/{rel}","templated":true}]}}