{"id":560,"date":"2023-12-05T15:33:43","date_gmt":"2023-12-05T15:33:43","guid":{"rendered":"https:\/\/warpspeedhabits.com\/inicio\/"},"modified":"2024-03-15T09:08:59","modified_gmt":"2024-03-15T09:08:59","slug":"inicio","status":"publish","type":"page","link":"https:\/\/warpspeedhabits.com\/pt-pt\/","title":{"rendered":"In\u00edcio"},"content":{"rendered":"<p>[et_pb_section fb_built=&#8221;1&#8243; admin_label=&#8221;S Home Video&#8221; _builder_version=&#8221;4.23.1&#8243; _module_preset=&#8221;default&#8221; background_color=&#8221;#0a151c&#8221; background_enable_image=&#8221;off&#8221; background_position=&#8221;top_center&#8221; custom_padding=&#8221;0px|0px|0px|0px|false|false&#8221; hover_enabled=&#8221;0&#8243; custom_css_before=&#8221;content: &#8221;;||height: 40%;||background: #FFF;||top: 0;||width: 100%;||display: block;||position: absolute;||&#8221; custom_css_main_element=&#8221;position: relative;&#8221; custom_css_free_form=&#8221;||&#8221; global_colors_info=&#8221;{}&#8221; module_class=&#8221;sky_first_video&#8221; sticky_enabled=&#8221;0&#8243;][et_pb_row module_class=&#8221;lwp-video-autoplay&#8221; _builder_version=&#8221;4.23.1&#8243; _module_preset=&#8221;default&#8221; width=&#8221;100%&#8221; max_width=&#8221;1240px&#8221; custom_padding=&#8221;0px|0px|0px|0px|false|false&#8221; global_colors_info=&#8221;{}&#8221;][et_pb_column type=&#8221;4_4&#8243; _builder_version=&#8221;4.23.1&#8243; _module_preset=&#8221;default&#8221; global_colors_info=&#8221;{}&#8221;][et_pb_video src=&#8221;https:\/\/warpspeedhabits.com\/wp-content\/uploads\/2024\/03\/SITE-WSH-Video-PT-Intro.mp4&#8243; src_webm=&#8221;https:\/\/warpspeedhabits.com\/wp-content\/uploads\/2024\/03\/SITE-WSH-Video-PT-Intro.mp4&#8243; play_icon_color=&#8221;RGBA(255,255,255,0)&#8221; thumbnail_overlay_color=&#8221;RGBA(255,255,255,0)&#8221; _builder_version=&#8221;4.23.1&#8243; _module_preset=&#8221;default&#8221; global_colors_info=&#8221;{}&#8221;][\/et_pb_video][et_pb_code _builder_version=&#8221;4.23.1&#8243; _module_preset=&#8221;default&#8221; hover_enabled=&#8221;0&#8243; global_colors_info=&#8221;{}&#8221; sticky_enabled=&#8221;0&#8243;]<script><!-- [et_pb_line_break_holder] -->jQuery(document).ready(function() {<!-- [et_pb_line_break_holder] -->    if (jQuery('.sky_first_video .lwp-video-autoplay .et_pb_video_box').length !== 0) {<!-- [et_pb_line_break_holder] -->        jQuery('.sky_first_video .lwp-video-autoplay .et_pb_video_box').find('video').prop('muted', true);<!-- [et_pb_line_break_holder] -->        jQuery(\".sky_first_video .lwp-video-autoplay .et_pb_video_box\").find('video').attr('loop', 'loop');<!-- [et_pb_line_break_holder] -->        jQuery(\".sky_first_video .lwp-video-autoplay .et_pb_video_box\").find('video').attr('playsInline', '');<!-- [et_pb_line_break_holder] -->        jQuery(\".sky_first_video .lwp-video-autoplay .et_pb_video_box\").each(function() {<!-- [et_pb_line_break_holder] -->            jQuery(this).find('video').get(0).play();<!-- [et_pb_line_break_holder] -->        });<!-- [et_pb_line_break_holder] -->        jQuery('.sky_first_video .lwp-video-autoplay .et_pb_video_box').find('video').removeAttr('controls');<!-- [et_pb_line_break_holder] -->    }<!-- [et_pb_line_break_holder] -->});<!-- [et_pb_line_break_holder] --><\/script>[\/et_pb_code][\/et_pb_column][\/et_pb_row][et_pb_row admin_label=&#8221;R Home Video&#8221; _builder_version=&#8221;4.23.1&#8243; _module_preset=&#8221;default&#8221; custom_margin=&#8221;||||false|false&#8221; custom_padding=&#8221;40px||80px||false|false&#8221; global_colors_info=&#8221;{}&#8221;][et_pb_column type=&#8221;4_4&#8243; _builder_version=&#8221;4.23.1&#8243; _module_preset=&#8221;default&#8221; global_colors_info=&#8221;{}&#8221;][et_pb_text _builder_version=&#8221;4.23.1&#8243; _module_preset=&#8221;default&#8221; text_font=&#8221;Playfair Display||||||||&#8221; header_font=&#8221;Playfair Display||||||||&#8221; header_2_font=&#8221;Playfair Display||||||||&#8221; header_2_line_height=&#8221;1.3em&#8221; max_width=&#8221;300px&#8221; module_alignment=&#8221;center&#8221; global_colors_info=&#8221;{}&#8221;]<\/p>\n<h2 style=\"text-align: center;\"><strong><span style=\"text-decoration: underline;\"><span style=\"color: #ffffff; text-decoration: underline;\"><a href=\"#wsh-video\">Ver o Trailer do Warp Speed Habits<\/a><\/span><\/span><\/strong><\/h2>\n<p>[\/et_pb_text][\/et_pb_column][\/et_pb_row][\/et_pb_section][et_pb_section fb_built=&#8221;1&#8243; admin_label=&#8221;S Quest&#8221; _builder_version=&#8221;4.23.1&#8243; _module_preset=&#8221;default&#8221; custom_margin=&#8221;||0px||false|false&#8221; custom_padding=&#8221;||0px||false|false&#8221; global_colors_info=&#8221;{}&#8221;][et_pb_row admin_label=&#8221;R Quest T\u00edtle&#8221; _builder_version=&#8221;4.23.1&#8243; _module_preset=&#8221;default&#8221; global_colors_info=&#8221;{}&#8221;][et_pb_column type=&#8221;4_4&#8243; _builder_version=&#8221;4.23.1&#8243; _module_preset=&#8221;default&#8221; global_colors_info=&#8221;{}&#8221;][et_pb_text disabled_on=&#8221;on|off|off&#8221; _builder_version=&#8221;4.23.1&#8243; _module_preset=&#8221;default&#8221; text_font_size=&#8221;18px&#8221; text_line_height=&#8221;20px&#8221; header_font_size=&#8221;36px&#8221; header_line_height=&#8221;34px&#8221; global_colors_info=&#8221;{}&#8221;]<\/p>\n<h1 style=\"text-align: center;\"><strong><span style=\"color: #917151;\">TRANSFORMA\u00c7\u00c3O EMPRESARIAL:<\/span><\/strong><br \/><strong><span style=\"color: #917151;\">A NEUROCI\u00caNCIA DOS H\u00c1BITOS<\/span><\/strong><\/h1>\n<p>[\/et_pb_text][et_pb_text disabled_on=&#8221;off|on|on&#8221; _builder_version=&#8221;4.23.1&#8243; _module_preset=&#8221;default&#8221; text_font_size=&#8221;18px&#8221; text_line_height=&#8221;20px&#8221; header_font_size=&#8221;36px&#8221; header_line_height=&#8221;34px&#8221; global_colors_info=&#8221;{}&#8221;]<\/p>\n<h2 style=\"text-align: center;\"><strong><span style=\"color: #917151;\">TRANSFORMA\u00c7\u00c3O EMPRESARIAL:<\/span><\/strong><br \/><strong><span style=\"color: #917151;\">A NEUROCI\u00caNCIA DOS H\u00c1BITOS<\/span><\/strong><\/h2>\n<p>[\/et_pb_text][\/et_pb_column][\/et_pb_row][et_pb_row column_structure=&#8221;1_2,1_2&#8243; use_custom_gutter=&#8221;on&#8221; gutter_width=&#8221;1&#8243; make_equal=&#8221;on&#8221; admin_label=&#8221;R Quest M\u00f3dulos 1&#8243; _builder_version=&#8221;4.23.1&#8243; _module_preset=&#8221;default&#8221; width=&#8221;100%&#8221; max_width=&#8221;1140px&#8221; custom_margin=&#8221;||0px||false|false&#8221; custom_padding=&#8221;||0px||false|false&#8221; global_colors_info=&#8221;{}&#8221;][et_pb_column type=&#8221;1_2&#8243; admin_label=&#8221;R Quest M\u00f3dulo 1 C1&#8243; _builder_version=&#8221;4.23.1&#8243; _module_preset=&#8221;default&#8221; background_image=&#8221;https:\/\/warpspeedhabits.com\/wp-content\/uploads\/2023\/12\/Stars-2-scaled.jpg&#8221; custom_padding=&#8221;5%||5%||false|false&#8221; global_colors_info=&#8221;{}&#8221;][et_pb_text _builder_version=&#8221;4.23.1&#8243; _module_preset=&#8221;default&#8221; background_enable_image=&#8221;off&#8221; custom_margin=&#8221;5%||5%||false|false&#8221; custom_padding=&#8221;||||false|false&#8221; global_colors_info=&#8221;{}&#8221;]<\/p>\n<h2 style=\"text-align: center; padding-top: 5%; padding-bottom: 5%;\"><span style=\"color: #ffffff;\">01<\/span><\/h2>\n<p>[\/et_pb_text][et_pb_text _builder_version=&#8221;4.23.1&#8243; _module_preset=&#8221;default&#8221; text_font=&#8221;||||||||&#8221; header_font=&#8221;|600|||||||&#8221; custom_margin=&#8221;5%||5%||false|false&#8221; custom_padding=&#8221;5%||5%||false|false&#8221; header_text_shadow_style=&#8221;preset4&#8243; header_text_shadow_horizontal_length=&#8221;0.05em&#8221; header_text_shadow_vertical_length=&#8221;0.05em&#8221; header_text_shadow_color=&#8221;#333333&#8243; global_colors_info=&#8221;{}&#8221;]<\/p>\n<h1 style=\"text-align: center;\"><span style=\"color: #ffffff;\">O DESAFIO DOS H\u00c1BITOS<\/span><\/h1>\n<p>[\/et_pb_text][et_pb_text _builder_version=&#8221;4.23.1&#8243; _module_preset=&#8221;default&#8221; header_4_font=&#8221;Playfair Display||||||||&#8221; custom_margin=&#8221;5%||5%||false|false&#8221; custom_padding=&#8221;5%||5%||false|false&#8221; global_colors_info=&#8221;{}&#8221;]<\/p>\n<h4 style=\"text-align: center;\"><a href=\"https:\/\/warpspeedhabits.com\/pt-pt\/a-sua-missao\/\"><span style=\"text-decoration: underline;\"><span style=\"color: #ffffff; text-decoration: underline;\">Explorar<\/span><\/span><\/a><\/h4>\n<p>[\/et_pb_text][\/et_pb_column][et_pb_column type=&#8221;1_2&#8243; admin_label=&#8221;R Quest M\u00f3dulo 1 C2&#8243; _builder_version=&#8221;4.23.1&#8243; _module_preset=&#8221;default&#8221; background_image=&#8221;https:\/\/warpspeedhabits.com\/wp-content\/uploads\/2023\/12\/nasa-yZygONrUBe8-unsplash-scaled.jpg&#8221; custom_padding=&#8221;5%||5%||false|false&#8221; global_colors_info=&#8221;{}&#8221;][et_pb_text _builder_version=&#8221;4.23.1&#8243; _module_preset=&#8221;default&#8221; background_enable_image=&#8221;off&#8221; custom_margin=&#8221;5%||5%||false|false&#8221; custom_padding=&#8221;||||false|false&#8221; global_colors_info=&#8221;{}&#8221;]<\/p>\n<h2 style=\"text-align: center; padding-top: 5%; padding-bottom: 5%;\"><span style=\"color: #ffffff;\">02<\/span><\/h2>\n<p>[\/et_pb_text][et_pb_text _builder_version=&#8221;4.23.1&#8243; _module_preset=&#8221;default&#8221; header_font=&#8221;|600|||||||&#8221; custom_margin=&#8221;5%||5%||false|false&#8221; custom_padding=&#8221;5%||5%||false|false&#8221; header_text_shadow_style=&#8221;preset4&#8243; header_text_shadow_horizontal_length=&#8221;0.05em&#8221; header_text_shadow_vertical_length=&#8221;0.05em&#8221; header_text_shadow_color=&#8221;#333333&#8243; global_colors_info=&#8221;{}&#8221;]<\/p>\n<h1 style=\"text-align: center;\"><span style=\"color: #ffffff;\">AS SUAS VIAGENS<\/span><\/h1>\n<p>[\/et_pb_text][et_pb_text _builder_version=&#8221;4.23.1&#8243; _module_preset=&#8221;default&#8221; header_4_font=&#8221;Playfair Display||||||||&#8221; custom_margin=&#8221;5%||5%||false|false&#8221; custom_padding=&#8221;5%||5%||false|false&#8221; global_colors_info=&#8221;{}&#8221;]<\/p>\n<h4 style=\"text-align: center;\"><a href=\"https:\/\/warpspeedhabits.com\/pt-pt\/a-sua-missao\/\"><span style=\"text-decoration: underline;\"><span style=\"color: #ffffff; text-decoration: underline;\">Explorar<\/span><\/span><\/a><\/h4>\n<p>[\/et_pb_text][\/et_pb_column][\/et_pb_row][et_pb_row column_structure=&#8221;1_2,1_2&#8243; use_custom_gutter=&#8221;on&#8221; gutter_width=&#8221;1&#8243; make_equal=&#8221;on&#8221; custom_padding_last_edited=&#8221;on|phone&#8221; admin_label=&#8221;R Quest M\u00f3dulos 2&#8243; _builder_version=&#8221;4.23.1&#8243; _module_preset=&#8221;default&#8221; width=&#8221;100%&#8221; max_width=&#8221;1140px&#8221; custom_margin=&#8221;||0px||false|false&#8221; custom_padding=&#8221;0px||80px||false|false&#8221; custom_padding_tablet=&#8221;||0px||false|false&#8221; custom_padding_phone=&#8221;||0px||false|false&#8221; global_colors_info=&#8221;{}&#8221;][et_pb_column type=&#8221;1_2&#8243; admin_label=&#8221;R Quest M\u00f3dulo 2 C1&#8243; _builder_version=&#8221;4.23.1&#8243; _module_preset=&#8221;default&#8221; background_image=&#8221;https:\/\/warpspeedhabits.com\/wp-content\/uploads\/2023\/12\/astronaut-60582_1280.jpg&#8221; background_position=&#8221;top_center&#8221; custom_padding=&#8221;5%||5%||false|false&#8221; global_colors_info=&#8221;{}&#8221;][et_pb_text _builder_version=&#8221;4.23.1&#8243; _module_preset=&#8221;default&#8221; background_enable_image=&#8221;off&#8221; custom_margin=&#8221;5%||5%||false|false&#8221; custom_padding=&#8221;||||false|false&#8221; global_colors_info=&#8221;{}&#8221;]<\/p>\n<h2 style=\"text-align: center; padding-top: 5%; padding-bottom: 5%;\"><span style=\"color: #ffffff;\">03<\/span><\/h2>\n<p>[\/et_pb_text][et_pb_text _builder_version=&#8221;4.23.1&#8243; _module_preset=&#8221;default&#8221; header_font=&#8221;|600|||||||&#8221; custom_margin=&#8221;5%||5%||false|false&#8221; custom_padding=&#8221;5%||5%||false|false&#8221; header_text_shadow_style=&#8221;preset4&#8243; header_text_shadow_horizontal_length=&#8221;0.05em&#8221; header_text_shadow_vertical_length=&#8221;0.05em&#8221; header_text_shadow_color=&#8221;#333333&#8243; global_colors_info=&#8221;{}&#8221;]<\/p>\n<h1 style=\"text-align: center;\"><span style=\"color: #ffffff;\">AS SUAS MISS\u00d5ES<\/span><\/h1>\n<p>[\/et_pb_text][et_pb_text _builder_version=&#8221;4.23.1&#8243; _module_preset=&#8221;default&#8221; header_4_font=&#8221;Playfair Display||||||||&#8221; custom_margin=&#8221;5%||5%||false|false&#8221; custom_padding=&#8221;5%||5%||false|false&#8221; global_colors_info=&#8221;{}&#8221;]<\/p>\n<h4 style=\"text-align: center;\"><a href=\"https:\/\/warpspeedhabits.com\/pt-pt\/a-sua-missao\/\"><span style=\"text-decoration: underline;\"><span style=\"color: #ffffff; text-decoration: underline;\">Explorar<\/span><\/span><\/a><\/h4>\n<p>[\/et_pb_text][\/et_pb_column][et_pb_column type=&#8221;1_2&#8243; admin_label=&#8221;R Quest M\u00f3dulo 2 C2&#8243; _builder_version=&#8221;4.23.1&#8243; _module_preset=&#8221;default&#8221; background_image=&#8221;https:\/\/warpspeedhabits.com\/wp-content\/uploads\/2023\/12\/pexels-mikhail-nilov-7709019-scaled.jpg&#8221; custom_padding=&#8221;5%||5%||false|false&#8221; global_colors_info=&#8221;{}&#8221;][et_pb_text _builder_version=&#8221;4.23.1&#8243; _module_preset=&#8221;default&#8221; background_enable_image=&#8221;off&#8221; custom_margin=&#8221;5%||5%||false|false&#8221; custom_padding=&#8221;||||false|false&#8221; global_colors_info=&#8221;{}&#8221;]<\/p>\n<h2 style=\"text-align: center; padding-top: 5%; padding-bottom: 5%;\"><span style=\"color: #ffffff;\">04<\/span><\/h2>\n<p>[\/et_pb_text][et_pb_text _builder_version=&#8221;4.23.1&#8243; _module_preset=&#8221;default&#8221; header_font=&#8221;|600|||||||&#8221; custom_margin=&#8221;5%||5%||false|false&#8221; custom_padding=&#8221;5%||5%||false|false&#8221; header_text_shadow_style=&#8221;preset4&#8243; header_text_shadow_horizontal_length=&#8221;0.05em&#8221; header_text_shadow_vertical_length=&#8221;0.05em&#8221; header_text_shadow_color=&#8221;#333333&#8243; global_colors_info=&#8221;{}&#8221;]<\/p>\n<h1 style=\"text-align: center;\"><span style=\"color: #ffffff;\">OS SEUS AVATARES<\/span><\/h1>\n<p>[\/et_pb_text][et_pb_text _builder_version=&#8221;4.23.1&#8243; _module_preset=&#8221;default&#8221; header_4_font=&#8221;Playfair Display||||||||&#8221; custom_margin=&#8221;5%||5%||false|false&#8221; custom_padding=&#8221;5%||5%||false|false&#8221; global_colors_info=&#8221;{}&#8221;]<\/p>\n<h4 style=\"text-align: center;\"><a href=\"https:\/\/warpspeedhabits.com\/pt-pt\/os-seus-avatares\/\"><span style=\"text-decoration: underline;\"><span style=\"color: #ffffff; text-decoration: underline;\">Explorar<\/span><\/span><\/a><\/h4>\n<p>[\/et_pb_text][\/et_pb_column][\/et_pb_row][\/et_pb_section][et_pb_section fb_built=&#8221;1&#8243; admin_label=&#8221;S WSH Video&#8221; module_id=&#8221;wsh-video&#8221; _builder_version=&#8221;4.23.1&#8243; _module_preset=&#8221;default&#8221; background_color=&#8221;#0A151C&#8221; custom_margin=&#8221;||||false|false&#8221; custom_padding=&#8221;||||false|false&#8221; global_colors_info=&#8221;{}&#8221;][et_pb_row admin_label=&#8221;V\u00eddeo R WSH&#8221; module_class=&#8221;lwp-video-autoplay&#8221; _builder_version=&#8221;4.23.1&#8243; _module_preset=&#8221;default&#8221; global_colors_info=&#8221;{}&#8221;][et_pb_column type=&#8221;4_4&#8243; _builder_version=&#8221;4.23.1&#8243; _module_preset=&#8221;default&#8221; global_colors_info=&#8221;{}&#8221;][et_pb_video src=&#8221;https:\/\/warpspeedhabits.com\/wp-content\/uploads\/2024\/03\/PT-INTRO-VIDEO.mp4&#8243; src_webm=&#8221;https:\/\/warpspeedhabits.com\/wp-content\/uploads\/2024\/03\/PT-INTRO-VIDEO.mp4&#8243; _builder_version=&#8221;4.23.1&#8243; _module_preset=&#8221;default&#8221; global_colors_info=&#8221;{}&#8221;][\/et_pb_video][\/et_pb_column][\/et_pb_row][\/et_pb_section][et_pb_section fb_built=&#8221;1&#8243; specialty=&#8221;on&#8221; admin_label=&#8221;Section&#8221; module_class=&#8221;sky_cta_workbook&#8221; _builder_version=&#8221;4.23.1&#8243; _module_preset=&#8221;default&#8221; custom_css_free_form=&#8221;.et_pb_row {||  display: flex;||  align-items: center;||}&#8221; global_colors_info=&#8221;{}&#8221;][et_pb_column type=&#8221;1_2&#8243; specialty_columns=&#8221;2&#8243; _builder_version=&#8221;4.16&#8243; custom_padding=&#8221;|||&#8221; global_colors_info=&#8221;{}&#8221; custom_padding__hover=&#8221;|||&#8221;][et_pb_row_inner _builder_version=&#8221;4.23.1&#8243; _module_preset=&#8221;default&#8221; custom_margin=&#8221;0px||0px||false|false&#8221; custom_padding=&#8221;0px||0px||false|false&#8221; global_colors_info=&#8221;{}&#8221;][et_pb_column_inner saved_specialty_column_type=&#8221;1_2&#8243; _builder_version=&#8221;4.23.1&#8243; _module_preset=&#8221;default&#8221; global_colors_info=&#8221;{}&#8221;][et_pb_text _builder_version=&#8221;4.23.1&#8243; _module_preset=&#8221;default&#8221; header_line_height=&#8221;1.2em&#8221; custom_margin=&#8221;0px||0px||false|false&#8221; custom_padding=&#8221;0px||0px||false|false&#8221; global_colors_info=&#8221;{}&#8221;]<\/p>\n<h1>Obtenha aqui o seu workbook<\/h1>\n<p>[\/et_pb_text][et_pb_icon font_icon=&#8221;&#xf5dc;||fa||900&#8243; module_class=&#8221;sky_brain&#8221; _builder_version=&#8221;4.23.1&#8243; _module_preset=&#8221;default&#8221; global_colors_info=&#8221;{}&#8221;][\/et_pb_icon][\/et_pb_column_inner][\/et_pb_row_inner][\/et_pb_column][et_pb_column type=&#8221;1_2&#8243; _builder_version=&#8221;4.16&#8243; custom_padding=&#8221;|||&#8221; global_colors_info=&#8221;{}&#8221; custom_padding__hover=&#8221;|||&#8221;][et_pb_button button_url=&#8221;https:\/\/warpspeedhabits.com\/pt-pt\/workbook\/&#8221; button_text=&#8221;Clique aqui&#8221; button_alignment=&#8221;right&#8221; _builder_version=&#8221;4.23.1&#8243; _module_preset=&#8221;default&#8221; custom_padding=&#8221;10px||10px||false|false&#8221; global_colors_info=&#8221;{}&#8221;][\/et_pb_button][\/et_pb_column][\/et_pb_section]<\/p>\n","protected":false},"excerpt":{"rendered":"<p>Ver o Trailer do Warp Speed HabitsTRANSFORMA\u00c7\u00c3O EMPRESARIAL:A NEUROCI\u00caNCIA DOS H\u00c1BITOSTRANSFORMA\u00c7\u00c3O EMPRESARIAL:A NEUROCI\u00caNCIA DOS H\u00c1BITOS01O DESAFIO DOS H\u00c1BITOSExplorar02AS SUAS VIAGENSExplorar03AS SUAS MISS\u00d5ESExplorar04OS SEUS AVATARESExplorarObtenha aqui o seu workbook<\/p>\n","protected":false},"author":1,"featured_media":0,"parent":0,"menu_order":0,"comment_status":"closed","ping_status":"closed","template":"","meta":{"_et_pb_use_builder":"on","_et_pb_old_content":"","_et_gb_content_width":"","footnotes":""},"class_list":["post-560","page","type-page","status-publish","hentry"],"yoast_head":"<!-- This site is optimized with the Yoast SEO plugin v25.6 - https:\/\/yoast.com\/wordpress\/plugins\/seo\/ -->\n<title>In\u00edcio - Warp Speed Habits<\/title>\n<meta name=\"robots\" content=\"index, follow, max-snippet:-1, max-image-preview:large, max-video-preview:-1\" \/>\n<link rel=\"canonical\" href=\"https:\/\/warpspeedhabits.com\/pt-pt\/\" \/>\n<meta property=\"og:locale\" content=\"pt_PT\" \/>\n<meta property=\"og:type\" content=\"article\" \/>\n<meta property=\"og:title\" content=\"In\u00edcio - Warp Speed Habits\" \/>\n<meta property=\"og:description\" content=\"Ver o Trailer do Warp Speed HabitsTRANSFORMA\u00c7\u00c3O EMPRESARIAL:A NEUROCI\u00caNCIA DOS H\u00c1BITOSTRANSFORMA\u00c7\u00c3O EMPRESARIAL:A NEUROCI\u00caNCIA DOS H\u00c1BITOS01O DESAFIO DOS H\u00c1BITOSExplorar02AS SUAS VIAGENSExplorar03AS SUAS MISS\u00d5ESExplorar04OS SEUS AVATARESExplorarObtenha aqui o seu workbook\" \/>\n<meta property=\"og:url\" content=\"https:\/\/warpspeedhabits.com\/pt-pt\/\" \/>\n<meta property=\"og:site_name\" content=\"Warp Speed Habits\" \/>\n<meta property=\"article:modified_time\" content=\"2024-03-15T09:08:59+00:00\" \/>\n<meta name=\"twitter:card\" content=\"summary_large_image\" \/>\n<meta name=\"twitter:label1\" content=\"Tempo estimado de leitura\" \/>\n\t<meta name=\"twitter:data1\" content=\"7 minutos\" \/>\n<script type=\"application\/ld+json\" class=\"yoast-schema-graph\">{\"@context\":\"https:\/\/schema.org\",\"@graph\":[{\"@type\":\"WebPage\",\"@id\":\"https:\/\/warpspeedhabits.com\/pt-pt\/\",\"url\":\"https:\/\/warpspeedhabits.com\/pt-pt\/\",\"name\":\"In\u00edcio - Warp Speed Habits\",\"isPartOf\":{\"@id\":\"https:\/\/warpspeedhabits.com\/pt-pt\/#website\"},\"datePublished\":\"2023-12-05T15:33:43+00:00\",\"dateModified\":\"2024-03-15T09:08:59+00:00\",\"breadcrumb\":{\"@id\":\"https:\/\/warpspeedhabits.com\/pt-pt\/#breadcrumb\"},\"inLanguage\":\"pt-PT\",\"potentialAction\":[{\"@type\":\"ReadAction\",\"target\":[\"https:\/\/warpspeedhabits.com\/pt-pt\/\"]}]},{\"@type\":\"BreadcrumbList\",\"@id\":\"https:\/\/warpspeedhabits.com\/pt-pt\/#breadcrumb\",\"itemListElement\":[{\"@type\":\"ListItem\",\"position\":1,\"name\":\"Home\",\"item\":\"https:\/\/warpspeedhabits.com\/pt-pt\/\"},{\"@type\":\"ListItem\",\"position\":2,\"name\":\"In\u00edcio\"}]},{\"@type\":\"WebSite\",\"@id\":\"https:\/\/warpspeedhabits.com\/pt-pt\/#website\",\"url\":\"https:\/\/warpspeedhabits.com\/pt-pt\/\",\"name\":\"Warp Speed Habits\",\"description\":\"Business Transformation\",\"potentialAction\":[{\"@type\":\"SearchAction\",\"target\":{\"@type\":\"EntryPoint\",\"urlTemplate\":\"https:\/\/warpspeedhabits.com\/pt-pt\/?s={search_term_string}\"},\"query-input\":{\"@type\":\"PropertyValueSpecification\",\"valueRequired\":true,\"valueName\":\"search_term_string\"}}],\"inLanguage\":\"pt-PT\"}]}<\/script>\n<!-- \/ Yoast SEO plugin. -->","yoast_head_json":{"title":"In\u00edcio - Warp Speed Habits","robots":{"index":"index","follow":"follow","max-snippet":"max-snippet:-1","max-image-preview":"max-image-preview:large","max-video-preview":"max-video-preview:-1"},"canonical":"https:\/\/warpspeedhabits.com\/pt-pt\/","og_locale":"pt_PT","og_type":"article","og_title":"In\u00edcio - Warp Speed Habits","og_description":"Ver o Trailer do Warp Speed HabitsTRANSFORMA\u00c7\u00c3O EMPRESARIAL:A NEUROCI\u00caNCIA DOS H\u00c1BITOSTRANSFORMA\u00c7\u00c3O EMPRESARIAL:A NEUROCI\u00caNCIA DOS H\u00c1BITOS01O DESAFIO DOS H\u00c1BITOSExplorar02AS SUAS VIAGENSExplorar03AS SUAS MISS\u00d5ESExplorar04OS SEUS AVATARESExplorarObtenha aqui o seu workbook","og_url":"https:\/\/warpspeedhabits.com\/pt-pt\/","og_site_name":"Warp Speed Habits","article_modified_time":"2024-03-15T09:08:59+00:00","twitter_card":"summary_large_image","twitter_misc":{"Tempo estimado de leitura":"7 minutos"},"schema":{"@context":"https:\/\/schema.org","@graph":[{"@type":"WebPage","@id":"https:\/\/warpspeedhabits.com\/pt-pt\/","url":"https:\/\/warpspeedhabits.com\/pt-pt\/","name":"In\u00edcio - Warp Speed Habits","isPartOf":{"@id":"https:\/\/warpspeedhabits.com\/pt-pt\/#website"},"datePublished":"2023-12-05T15:33:43+00:00","dateModified":"2024-03-15T09:08:59+00:00","breadcrumb":{"@id":"https:\/\/warpspeedhabits.com\/pt-pt\/#breadcrumb"},"inLanguage":"pt-PT","potentialAction":[{"@type":"ReadAction","target":["https:\/\/warpspeedhabits.com\/pt-pt\/"]}]},{"@type":"BreadcrumbList","@id":"https:\/\/warpspeedhabits.com\/pt-pt\/#breadcrumb","itemListElement":[{"@type":"ListItem","position":1,"name":"Home","item":"https:\/\/warpspeedhabits.com\/pt-pt\/"},{"@type":"ListItem","position":2,"name":"In\u00edcio"}]},{"@type":"WebSite","@id":"https:\/\/warpspeedhabits.com\/pt-pt\/#website","url":"https:\/\/warpspeedhabits.com\/pt-pt\/","name":"Warp Speed Habits","description":"Business Transformation","potentialAction":[{"@type":"SearchAction","target":{"@type":"EntryPoint","urlTemplate":"https:\/\/warpspeedhabits.com\/pt-pt\/?s={search_term_string}"},"query-input":{"@type":"PropertyValueSpecification","valueRequired":true,"valueName":"search_term_string"}}],"inLanguage":"pt-PT"}]}},"jetpack_sharing_enabled":true,"_links":{"self":[{"href":"https:\/\/warpspeedhabits.com\/pt-pt\/wp-json\/wp\/v2\/pages\/560","targetHints":{"allow":["GET"]}}],"collection":[{"href":"https:\/\/warpspeedhabits.com\/pt-pt\/wp-json\/wp\/v2\/pages"}],"about":[{"href":"https:\/\/warpspeedhabits.com\/pt-pt\/wp-json\/wp\/v2\/types\/page"}],"author":[{"embeddable":true,"href":"https:\/\/warpspeedhabits.com\/pt-pt\/wp-json\/wp\/v2\/users\/1"}],"replies":[{"embeddable":true,"href":"https:\/\/warpspeedhabits.com\/pt-pt\/wp-json\/wp\/v2\/comments?post=560"}],"version-history":[{"count":50,"href":"https:\/\/warpspeedhabits.com\/pt-pt\/wp-json\/wp\/v2\/pages\/560\/revisions"}],"predecessor-version":[{"id":4274,"href":"https:\/\/warpspeedhabits.com\/pt-pt\/wp-json\/wp\/v2\/pages\/560\/revisions\/4274"}],"wp:attachment":[{"href":"https:\/\/warpspeedhabits.com\/pt-pt\/wp-json\/wp\/v2\/media?parent=560"}],"curies":[{"name":"wp","href":"https:\/\/api.w.org\/{rel}","templated":true}]}}