{"id":572,"date":"2023-12-05T15:35:02","date_gmt":"2023-12-05T15:35:02","guid":{"rendered":"https:\/\/warpspeedhabits.com\/o-autor\/"},"modified":"2024-02-10T11:46:53","modified_gmt":"2024-02-10T11:46:53","slug":"o-autor","status":"publish","type":"page","link":"https:\/\/warpspeedhabits.com\/pt-pt\/o-autor\/","title":{"rendered":"O Autor"},"content":{"rendered":"<p>[et_pb_section fb_built=&#8221;1&#8243; _builder_version=&#8221;4.23.1&#8243; _module_preset=&#8221;default&#8221; background_color=&#8221;#575757&#8243; global_colors_info=&#8221;{}&#8221;][et_pb_row column_structure=&#8221;2_3,1_3&#8243; custom_padding_last_edited=&#8221;on|tablet&#8221; _builder_version=&#8221;4.23.1&#8243; _module_preset=&#8221;default&#8221; background_color=&#8221;#2d2d2d&#8221; width=&#8221;90%&#8221; max_width=&#8221;90%&#8221; custom_padding=&#8221;100px|100px|100px|100px|false|false&#8221; custom_padding_tablet=&#8221;60px|60px|60px|60px|false|false&#8221; custom_padding_phone=&#8221;30px|30px|30px|30px|false|false&#8221; global_colors_info=&#8221;{}&#8221;][et_pb_column type=&#8221;2_3&#8243; _builder_version=&#8221;4.23.1&#8243; _module_preset=&#8221;default&#8221; global_colors_info=&#8221;{}&#8221;][et_pb_text content_tablet=&#8221;<\/p>\n<div id=%22comp-lb8j3a7b1%22 class=%22KcpHeO tz5f0K comp-lb8j3a7b1 wixui-rich-text%22 data-testid=%22richTextElement%22>\n<h2 class=%22font_0 wixui-rich-text__text%22><span class=%22wixui-rich-text__text%22>Hello<\/span><\/h2>\n<\/div>\n<div id=%22comp-lb8j3a7j%22 class=%22KcpHeO tz5f0K comp-lb8j3a7j wixui-rich-text%22 data-testid=%22richTextElement%22>\n<h3 class=%22font_4 wixui-rich-text__text%22><span class=%22wixui-rich-text__text%22>My name is Marco Neves.<\/span><\/h3>\n<\/div>\n<div id=%22comp-lb8j3a7l1%22 class=%22KcpHeO tz5f0K comp-lb8j3a7l1 wixui-rich-text%22 data-testid=%22richTextElement%22>\n<p class=%22font_7 wixui-rich-text__text%22><span class=%22wixui-rich-text__text%22>I am an <\/span>author, speaker, trainer, executive mentor, and Leadership Transformation Champion, supporting and leveraging leadership and team perf<span class=%22wixui-rich-text__text%22>ormance across organizations, using cutting-edge science.<\/span><\/p>\n<p class=%22font_7 wixui-rich-text__text%22><span class=%22wixui-rich-text__text%22>For over three decades, I have had the fortune of working in the fields of strategy definition, reengineering, organizational change, and leadership development.<\/span><\/p>\n<p class=%22font_7 wixui-rich-text__text%22><span class=%22wixui-rich-text__text%22>In 2016, I came across an article covering the importance of neuroscience to organizations. I found it both fascinating and practical. Insights and scientific evidence to leverage behavioral change were coming to the fore.<\/span><\/p>\n<p class=%22font_7 wixui-rich-text__text%22><span class=%22wixui-rich-text__text%22>Since then, I\u2019ve never looked back. I found a passion for the brain, and have drawn and combined neuroscience insights with strategy, business management, and psychology, among others, to create Warp Speed Habits, a science-based approach to creating habits in business environments, and BRAIN SCANS\u00ae\u2014Leading with the Mind and Brain, a neuroscience framework to support leaders and teams better navigate the emotional, social and (ir)rational workplace environment.<\/span><\/p>\n<p class=%22font_7 wixui-rich-text__text%22><span class=%22wixui-rich-text__text%22>Various leadership development initiatives have also helped to enhance this model, culminating in the book, \u201cWarp Speed Habits: A Brain-Based Approach to Changing Organizational Behaviors\u201d.<\/span><\/p>\n<\/div>\n<p>&#8221; content_phone=&#8221;<\/p>\n<div id=%22comp-lb8j3a7b1%22 class=%22KcpHeO tz5f0K comp-lb8j3a7b1 wixui-rich-text%22 data-testid=%22richTextElement%22>\n<h2 class=%22font_0 wixui-rich-text__text%22 style=%22text-align: center;%22><span class=%22wixui-rich-text__text%22>Hello<\/span><\/h2>\n<\/div>\n<div id=%22comp-lb8j3a7j%22 class=%22KcpHeO tz5f0K comp-lb8j3a7j wixui-rich-text%22 data-testid=%22richTextElement%22 style=%22text-align: center;%22>\n<h3 class=%22font_4 wixui-rich-text__text%22><span class=%22wixui-rich-text__text%22>My name is Marco Neves.<\/span><\/h3>\n<\/div>\n<div id=%22comp-lb8j3a7l1%22 class=%22KcpHeO tz5f0K comp-lb8j3a7l1 wixui-rich-text%22 data-testid=%22richTextElement%22>\n<p class=%22font_7 wixui-rich-text__text%22 style=%22text-align: center;%22><span class=%22wixui-rich-text__text%22>I am an <\/span>author, speaker, trainer, executive mentor, and Leadership Transformation Champion, supporting and leveraging leadership and team perf<span class=%22wixui-rich-text__text%22>ormance across organizations, using cutting-edge science.<\/span><\/p>\n<p class=%22font_7 wixui-rich-text__text%22 style=%22text-align: center;%22><span class=%22wixui-rich-text__text%22>For over three decades, I have had the fortune of working in the fields of strategy definition, reengineering, organizational change, and leadership development.<\/span><\/p>\n<p class=%22font_7 wixui-rich-text__text%22 style=%22text-align: center;%22><span class=%22wixui-rich-text__text%22>In 2016, I came across an article covering the importance of neuroscience to organizations. I found it both fascinating and practical. Insights and scientific evidence to leverage behavioral change were coming to the fore.<\/span><\/p>\n<p class=%22font_7 wixui-rich-text__text%22 style=%22text-align: center;%22><span class=%22wixui-rich-text__text%22>Since then, I\u2019ve never looked back. I found a passion for the brain, and have drawn and combined neuroscience insights with strategy, business management, and psychology, among others, to create Warp Speed Habits, a science-based approach to creating habits in business environments, and BRAIN SCANS\u00ae\u2014Leading with the Mind and Brain, a neuroscience framework to support leaders and teams better navigate the emotional, social and (ir)rational workplace environment.<\/span><\/p>\n<p class=%22font_7 wixui-rich-text__text%22 style=%22text-align: center;%22><span class=%22wixui-rich-text__text%22>Various leadership development initiatives have also helped to enhance this model, culminating in the book, \u201cWarp Speed Habits: A Brain-Based Approach to Changing Organizational Behaviors\u201d.<\/span><\/p>\n<\/div>\n<p>&#8221; content_last_edited=&#8221;on|phone&#8221; _builder_version=&#8221;4.23.1&#8243; _module_preset=&#8221;default&#8221; text_text_color=&#8221;#aaaaaa&#8221; text_font_size=&#8221;17px&#8221; header_2_font=&#8221;|700|||||||&#8221; header_2_text_color=&#8221;#917151&#8243; header_3_font=&#8221;|600|||||||&#8221; header_3_text_color=&#8221;#917151&#8243; header_3_line_height=&#8221;1.5em&#8221; custom_margin=&#8221;||||false|false&#8221; custom_padding=&#8221;|40px|||false|false&#8221; custom_padding_tablet=&#8221;|0px|||false|false&#8221; custom_padding_phone=&#8221;|0px|||false|false&#8221; custom_padding_last_edited=&#8221;on|phone&#8221; custom_css_free_form=&#8221;h3 {margin-bottom: 24px;}&#8221; global_colors_info=&#8221;{}&#8221;]<\/p>\n<div id=\"comp-lb8j3a7b1\" class=\"KcpHeO tz5f0K comp-lb8j3a7b1 wixui-rich-text\" data-testid=\"richTextElement\">\n<h2 class=\"font_0 wixui-rich-text__text\"><span class=\"wixui-rich-text__text\">Ol\u00e1<\/span><\/h2>\n<\/div>\n<div id=\"comp-lb8j3a7j\" class=\"KcpHeO tz5f0K comp-lb8j3a7j wixui-rich-text\" data-testid=\"richTextElement\">\n<h3 class=\"font_4 wixui-rich-text__text\"><span class=\"wixui-rich-text__text\">O meu nome \u00e9 Marco Neves.<\/span><\/h3>\n<\/div>\n<div id=\"comp-lb8j3a7l1\" class=\"KcpHeO tz5f0K comp-lb8j3a7l1 wixui-rich-text\" data-testid=\"richTextElement\">\n<p class=\"font_7 wixui-rich-text__text\"><span class=\"wixui-rich-text__text\">Sou<\/span> autora, oradora, formadora, mentora executiva e Leadership Transformation Champion, apoiando e impulsionando o desempenho da lideran\u00e7a e das <span class=\"wixui-rich-text__text\">equipas em todas as organiza\u00e7\u00f5es, utilizando ci\u00eancia de ponta.<\/span><\/p>\n<p class=\"font_7 wixui-rich-text__text\"><span class=\"wixui-rich-text__text\">Durante mais de tr\u00eas d\u00e9cadas, tive a sorte de trabalhar nos dom\u00ednios da defini\u00e7\u00e3o da estrat\u00e9gia, da reengenharia, da mudan\u00e7a organizacional e do desenvolvimento da lideran\u00e7a.<\/span><\/p>\n<p class=\"font_7 wixui-rich-text__text\"><span class=\"wixui-rich-text__text\">Em 2016, deparei-me com um artigo sobre a import\u00e2ncia da neuroci\u00eancia para as organiza\u00e7\u00f5es. Achei-o simultaneamente fascinante e pr\u00e1tico. Os conhecimentos e as provas cient\u00edficas para impulsionar a mudan\u00e7a de comportamentos estavam a surgir.<\/span><\/p>\n<p class=\"font_7 wixui-rich-text__text\"><span class=\"wixui-rich-text__text\">Desde ent\u00e3o, nunca mais olhei para tr\u00e1s. Descobri uma paix\u00e3o pelo c\u00e9rebro e combinei conhecimentos de neuroci\u00eancia com estrat\u00e9gia, gest\u00e3o empresarial e psicologia, entre outros, para criar Warp Speed Habits, uma abordagem baseada na ci\u00eancia para criar h\u00e1bitos em ambientes empresariais, e BRAIN SCANS\u00ae-Leading with the Mind and Brain, uma estrutura neurocient\u00edfica para ajudar os l\u00edderes e as equipas a navegar melhor no ambiente de trabalho emocional, social e (ir)racional.<\/span><\/p>\n<p class=\"font_7 wixui-rich-text__text\"><span class=\"wixui-rich-text__text\">V\u00e1rias iniciativas de desenvolvimento de lideran\u00e7a tamb\u00e9m ajudaram a melhorar este modelo, culminando no livro &#8220;Warp Speed Habits: A Brain-Based Approach to Changing Organizational Behaviors&#8221;.<\/span><\/p>\n<\/div>\n<p>[\/et_pb_text][et_pb_text content_tablet=&#8221;<\/p>\n<h2>Contacts<\/h2>\n<p><a href=%22mailto:training@next-leader.com%22>training@next-leader.com<\/a>      <a href=%22mailto:queries@next-leader.com%22>queries@next-leader.com<\/a><\/p>\n<p>Travessa das Lavouras, 412<br \/>4410-395 Vila Nova de Gaia<br \/>Portugal<\/p>\n<p>&#8221; content_phone=&#8221;<\/p>\n<h2>Contacts<\/h2>\n<p><a href=%22mailto:training@next-leader.com%22>training@next-leader.com<\/a><\/p>\n<p><a href=%22mailto:queries@next-leader.com%22>queries@next-leader.com<\/a><\/p>\n<p>Travessa das Lavouras, 412<br \/>4410-395 Vila Nova de Gaia<br \/>Portugal<\/p>\n<p>&#8221; content_last_edited=&#8221;on|phone&#8221; _builder_version=&#8221;4.23.1&#8243; _module_preset=&#8221;default&#8221; text_font=&#8221;Playfair Display||||||||&#8221; text_font_size=&#8221;16px&#8221; header_text_align=&#8221;center&#8221; header_2_font=&#8221;Arial||||||||&#8221; header_2_text_align=&#8221;left&#8221; header_2_text_color=&#8221;#917151&#8243; header_font_tablet=&#8221;&#8221; header_font_phone=&#8221;&#8221; header_font_last_edited=&#8221;on|phone&#8221; header_2_font_tablet=&#8221;Arial||||||||&#8221; header_2_font_phone=&#8221;Arial||||||||&#8221; header_2_font_last_edited=&#8221;on|desktop&#8221; header_2_text_align_tablet=&#8221;left&#8221; header_2_text_align_phone=&#8221;center&#8221; header_2_text_align_last_edited=&#8221;on|desktop&#8221; text_orientation_tablet=&#8221;&#8221; text_orientation_phone=&#8221;center&#8221; text_orientation_last_edited=&#8221;on|phone&#8221; global_colors_info=&#8221;{}&#8221; locked=&#8221;off&#8221;]<\/p>\n<h2>Contactos<\/h2>\n<p><a href=\"mailto:training@next-leader.com\">training@next-leader.com<\/a>\u00a0 \u00a0 \u00a0 <a href=\"mailto:queries@next-leader.com\">queries@next-leader.com<\/a><\/p>\n<p>Travessa das Lavouras, 412<br \/>4410-395 Vila Nova de Gaia<br \/>Portugal<\/p>\n<p>[\/et_pb_text][et_pb_image src=&#8221;https:\/\/warpspeedhabits.com\/wp-content\/uploads\/2023\/12\/LinkedInLogo.webp&#8221; title_text=&#8221;LinkedInLogo&#8221; url=&#8221;https:\/\/www.linkedin.com\/in\/m-neves\/&#8221; align_tablet=&#8221;&#8221; align_phone=&#8221;center&#8221; align_last_edited=&#8221;on|phone&#8221; _builder_version=&#8221;4.23.1&#8243; _module_preset=&#8221;default&#8221; height=&#8221;40px&#8221; custom_margin=&#8221;||||false|false&#8221; custom_padding=&#8221;||||false|false&#8221; border_color_left=&#8221;#917151&#8243; locked=&#8221;off&#8221; global_colors_info=&#8221;{}&#8221;][\/et_pb_image][\/et_pb_column][et_pb_column type=&#8221;1_3&#8243; _builder_version=&#8221;4.23.1&#8243; _module_preset=&#8221;default&#8221; global_colors_info=&#8221;{}&#8221;][et_pb_text _builder_version=&#8221;4.23.1&#8243; _module_preset=&#8221;default&#8221; background_image=&#8221;https:\/\/warpspeedhabits.com\/wp-content\/uploads\/2023\/12\/Foto-Marco-Neves.jpg&#8221; height=&#8221;100vh&#8221; height_tablet=&#8221;100vh&#8221; height_phone=&#8221;280px&#8221; height_last_edited=&#8221;on|tablet&#8221; global_colors_info=&#8221;{}&#8221;][\/et_pb_text][\/et_pb_column][\/et_pb_row][\/et_pb_section]<\/p>\n","protected":false},"excerpt":{"rendered":"<p>Ol\u00e1 O meu nome \u00e9 Marco Neves. Sou autora, oradora, formadora, mentora executiva e Leadership Transformation Champion, apoiando e impulsionando o desempenho da lideran\u00e7a e das equipas em todas as organiza\u00e7\u00f5es, utilizando ci\u00eancia de ponta. Durante mais de tr\u00eas d\u00e9cadas, tive a sorte de trabalhar nos dom\u00ednios da defini\u00e7\u00e3o da estrat\u00e9gia, da reengenharia, da mudan\u00e7a [&hellip;]<\/p>\n","protected":false},"author":1,"featured_media":0,"parent":0,"menu_order":0,"comment_status":"closed","ping_status":"closed","template":"","meta":{"_et_pb_use_builder":"on","_et_pb_old_content":"","_et_gb_content_width":"","footnotes":""},"class_list":["post-572","page","type-page","status-publish","hentry"],"yoast_head":"<!-- This site is optimized with the Yoast SEO plugin v25.6 - https:\/\/yoast.com\/wordpress\/plugins\/seo\/ -->\n<title>O Autor - Warp Speed Habits<\/title>\n<meta name=\"robots\" content=\"index, follow, max-snippet:-1, max-image-preview:large, max-video-preview:-1\" \/>\n<link rel=\"canonical\" href=\"https:\/\/warpspeedhabits.com\/pt-pt\/o-autor\/\" \/>\n<meta property=\"og:locale\" content=\"pt_PT\" \/>\n<meta property=\"og:type\" content=\"article\" \/>\n<meta property=\"og:title\" content=\"O Autor - Warp Speed Habits\" \/>\n<meta property=\"og:description\" content=\"Ol\u00e1 O meu nome \u00e9 Marco Neves. Sou autora, oradora, formadora, mentora executiva e Leadership Transformation Champion, apoiando e impulsionando o desempenho da lideran\u00e7a e das equipas em todas as organiza\u00e7\u00f5es, utilizando ci\u00eancia de ponta. Durante mais de tr\u00eas d\u00e9cadas, tive a sorte de trabalhar nos dom\u00ednios da defini\u00e7\u00e3o da estrat\u00e9gia, da reengenharia, da mudan\u00e7a [&hellip;]\" \/>\n<meta property=\"og:url\" content=\"https:\/\/warpspeedhabits.com\/pt-pt\/o-autor\/\" \/>\n<meta property=\"og:site_name\" content=\"Warp Speed Habits\" \/>\n<meta property=\"article:modified_time\" content=\"2024-02-10T11:46:53+00:00\" \/>\n<meta name=\"twitter:card\" content=\"summary_large_image\" \/>\n<meta name=\"twitter:label1\" content=\"Tempo estimado de leitura\" \/>\n\t<meta name=\"twitter:data1\" content=\"5 minutos\" \/>\n<script type=\"application\/ld+json\" class=\"yoast-schema-graph\">{\"@context\":\"https:\/\/schema.org\",\"@graph\":[{\"@type\":\"WebPage\",\"@id\":\"https:\/\/warpspeedhabits.com\/pt-pt\/o-autor\/\",\"url\":\"https:\/\/warpspeedhabits.com\/pt-pt\/o-autor\/\",\"name\":\"O Autor - Warp Speed Habits\",\"isPartOf\":{\"@id\":\"https:\/\/warpspeedhabits.com\/pt-pt\/#website\"},\"datePublished\":\"2023-12-05T15:35:02+00:00\",\"dateModified\":\"2024-02-10T11:46:53+00:00\",\"breadcrumb\":{\"@id\":\"https:\/\/warpspeedhabits.com\/pt-pt\/o-autor\/#breadcrumb\"},\"inLanguage\":\"pt-PT\",\"potentialAction\":[{\"@type\":\"ReadAction\",\"target\":[\"https:\/\/warpspeedhabits.com\/pt-pt\/o-autor\/\"]}]},{\"@type\":\"BreadcrumbList\",\"@id\":\"https:\/\/warpspeedhabits.com\/pt-pt\/o-autor\/#breadcrumb\",\"itemListElement\":[{\"@type\":\"ListItem\",\"position\":1,\"name\":\"Home\",\"item\":\"https:\/\/warpspeedhabits.com\/pt-pt\/\"},{\"@type\":\"ListItem\",\"position\":2,\"name\":\"O Autor\"}]},{\"@type\":\"WebSite\",\"@id\":\"https:\/\/warpspeedhabits.com\/pt-pt\/#website\",\"url\":\"https:\/\/warpspeedhabits.com\/pt-pt\/\",\"name\":\"Warp Speed Habits\",\"description\":\"Business Transformation\",\"potentialAction\":[{\"@type\":\"SearchAction\",\"target\":{\"@type\":\"EntryPoint\",\"urlTemplate\":\"https:\/\/warpspeedhabits.com\/pt-pt\/?s={search_term_string}\"},\"query-input\":{\"@type\":\"PropertyValueSpecification\",\"valueRequired\":true,\"valueName\":\"search_term_string\"}}],\"inLanguage\":\"pt-PT\"}]}<\/script>\n<!-- \/ Yoast SEO plugin. -->","yoast_head_json":{"title":"O Autor - Warp Speed Habits","robots":{"index":"index","follow":"follow","max-snippet":"max-snippet:-1","max-image-preview":"max-image-preview:large","max-video-preview":"max-video-preview:-1"},"canonical":"https:\/\/warpspeedhabits.com\/pt-pt\/o-autor\/","og_locale":"pt_PT","og_type":"article","og_title":"O Autor - Warp Speed Habits","og_description":"Ol\u00e1 O meu nome \u00e9 Marco Neves. Sou autora, oradora, formadora, mentora executiva e Leadership Transformation Champion, apoiando e impulsionando o desempenho da lideran\u00e7a e das equipas em todas as organiza\u00e7\u00f5es, utilizando ci\u00eancia de ponta. Durante mais de tr\u00eas d\u00e9cadas, tive a sorte de trabalhar nos dom\u00ednios da defini\u00e7\u00e3o da estrat\u00e9gia, da reengenharia, da mudan\u00e7a [&hellip;]","og_url":"https:\/\/warpspeedhabits.com\/pt-pt\/o-autor\/","og_site_name":"Warp Speed Habits","article_modified_time":"2024-02-10T11:46:53+00:00","twitter_card":"summary_large_image","twitter_misc":{"Tempo estimado de leitura":"5 minutos"},"schema":{"@context":"https:\/\/schema.org","@graph":[{"@type":"WebPage","@id":"https:\/\/warpspeedhabits.com\/pt-pt\/o-autor\/","url":"https:\/\/warpspeedhabits.com\/pt-pt\/o-autor\/","name":"O Autor - Warp Speed Habits","isPartOf":{"@id":"https:\/\/warpspeedhabits.com\/pt-pt\/#website"},"datePublished":"2023-12-05T15:35:02+00:00","dateModified":"2024-02-10T11:46:53+00:00","breadcrumb":{"@id":"https:\/\/warpspeedhabits.com\/pt-pt\/o-autor\/#breadcrumb"},"inLanguage":"pt-PT","potentialAction":[{"@type":"ReadAction","target":["https:\/\/warpspeedhabits.com\/pt-pt\/o-autor\/"]}]},{"@type":"BreadcrumbList","@id":"https:\/\/warpspeedhabits.com\/pt-pt\/o-autor\/#breadcrumb","itemListElement":[{"@type":"ListItem","position":1,"name":"Home","item":"https:\/\/warpspeedhabits.com\/pt-pt\/"},{"@type":"ListItem","position":2,"name":"O Autor"}]},{"@type":"WebSite","@id":"https:\/\/warpspeedhabits.com\/pt-pt\/#website","url":"https:\/\/warpspeedhabits.com\/pt-pt\/","name":"Warp Speed Habits","description":"Business Transformation","potentialAction":[{"@type":"SearchAction","target":{"@type":"EntryPoint","urlTemplate":"https:\/\/warpspeedhabits.com\/pt-pt\/?s={search_term_string}"},"query-input":{"@type":"PropertyValueSpecification","valueRequired":true,"valueName":"search_term_string"}}],"inLanguage":"pt-PT"}]}},"jetpack_sharing_enabled":true,"_links":{"self":[{"href":"https:\/\/warpspeedhabits.com\/pt-pt\/wp-json\/wp\/v2\/pages\/572","targetHints":{"allow":["GET"]}}],"collection":[{"href":"https:\/\/warpspeedhabits.com\/pt-pt\/wp-json\/wp\/v2\/pages"}],"about":[{"href":"https:\/\/warpspeedhabits.com\/pt-pt\/wp-json\/wp\/v2\/types\/page"}],"author":[{"embeddable":true,"href":"https:\/\/warpspeedhabits.com\/pt-pt\/wp-json\/wp\/v2\/users\/1"}],"replies":[{"embeddable":true,"href":"https:\/\/warpspeedhabits.com\/pt-pt\/wp-json\/wp\/v2\/comments?post=572"}],"version-history":[{"count":6,"href":"https:\/\/warpspeedhabits.com\/pt-pt\/wp-json\/wp\/v2\/pages\/572\/revisions"}],"predecessor-version":[{"id":3850,"href":"https:\/\/warpspeedhabits.com\/pt-pt\/wp-json\/wp\/v2\/pages\/572\/revisions\/3850"}],"wp:attachment":[{"href":"https:\/\/warpspeedhabits.com\/pt-pt\/wp-json\/wp\/v2\/media?parent=572"}],"curies":[{"name":"wp","href":"https:\/\/api.w.org\/{rel}","templated":true}]}}