{"id":583,"date":"2023-12-05T15:34:50","date_gmt":"2023-12-05T15:34:50","guid":{"rendered":"https:\/\/warpspeedhabits.com\/o-livro-e-as-criticas\/"},"modified":"2024-02-12T13:01:16","modified_gmt":"2024-02-12T13:01:16","slug":"o-livro-e-as-criticas","status":"publish","type":"page","link":"https:\/\/warpspeedhabits.com\/pt-pt\/o-livro-e-as-criticas\/","title":{"rendered":"O Livro"},"content":{"rendered":"<p>[et_pb_section fb_built=&#8221;1&#8243; _builder_version=&#8221;4.23.1&#8243; _module_preset=&#8221;default&#8221; background_image=&#8221;https:\/\/warpspeedhabits.com\/wp-content\/uploads\/2023\/12\/satelite.webp&#8221; parallax=&#8221;on&#8221; parallax_method=&#8221;off&#8221; custom_padding=&#8221;0px|0px|0px|0px|false|false&#8221; global_colors_info=&#8221;{}&#8221;][et_pb_row column_structure=&#8221;1_2,1_2&#8243; custom_padding_last_edited=&#8221;on|tablet&#8221; _builder_version=&#8221;4.23.1&#8243; _module_preset=&#8221;default&#8221; background_color=&#8221;rgba(0,0,0,0.8)&#8221; width=&#8221;100%&#8221; max_width=&#8221;unset&#8221; custom_margin=&#8221;0px|0px|0px|0px|false|false&#8221; custom_padding=&#8221;50px|20%|50px|20%|false|false&#8221; custom_padding_tablet=&#8221;0px|0%||0%|false|false&#8221; custom_padding_phone=&#8221;0px|0%||0%|false|false&#8221; custom_css_free_form=&#8221;selector .et_pb_button_module_wrapper {||  display: inline-block;||  margin: 10px 2px;||}&#8221; global_colors_info=&#8221;{}&#8221;][et_pb_column type=&#8221;1_2&#8243; _builder_version=&#8221;4.23.1&#8243; _module_preset=&#8221;default&#8221; global_colors_info=&#8221;{}&#8221; custom_css_main_element_last_edited=&#8221;on|tablet&#8221; custom_css_main_element_phone=&#8221;text-align:center;&#8221; custom_css_main_element_tablet=&#8221;text-align: center;&#8221;][et_pb_text _builder_version=&#8221;4.23.1&#8243; _module_preset=&#8221;default&#8221; text_font=&#8221;Playfair Display||||||||&#8221; text_text_color=&#8221;#aaaaaa&#8221; header_3_font=&#8221;|600|||||||&#8221; header_3_text_align=&#8221;center&#8221; header_3_text_color=&#8221;#FFFFFF&#8221; header_3_line_height=&#8221;2em&#8221; header_4_font=&#8221;Arial|700|||||||&#8221; header_4_text_align=&#8221;center&#8221; header_4_text_color=&#8221;#FFFFFF&#8221; header_4_font_size=&#8221;54px&#8221; text_orientation=&#8221;center&#8221; height_tablet=&#8221;auto&#8221; height_phone=&#8221;auto&#8221; height_last_edited=&#8221;on|tablet&#8221; custom_padding=&#8221;15%||20px||false|false&#8221; custom_padding_tablet=&#8221;60px||0px||false|false&#8221; custom_padding_phone=&#8221;60px||60px||false|false&#8221; custom_padding_last_edited=&#8221;on|tablet&#8221; header_font_size_tablet=&#8221;&#8221; header_font_size_phone=&#8221;30px&#8221; header_font_size_last_edited=&#8221;on|phone&#8221; header_3_font_size_tablet=&#8221;&#8221; header_3_font_size_phone=&#8221;19px&#8221; header_3_font_size_last_edited=&#8221;on|phone&#8221; header_4_font_size_tablet=&#8221;54px&#8221; header_4_font_size_phone=&#8221;42px&#8221; header_4_font_size_last_edited=&#8221;on|phone&#8221; global_colors_info=&#8221;{}&#8221;]<\/p>\n<div id=\"bgLayers_comp-lamfgkql\" data-hook=\"bgLayers\" class=\"MW5IWV\">\n<h4 id=\"bgMedia_comp-lamfgkql\" class=\"VgO9Yg\">O LIVRO<\/h4>\n<p>&nbsp;<\/p>\n<h3 class=\"VgO9Yg\"><\/h3>\n<div class=\"VgO9Yg\"><\/div>\n<div class=\"VgO9Yg\"><img loading=\"lazy\" decoding=\"async\" src=\"https:\/\/warpspeedhabits.com\/wp-content\/uploads\/2023\/12\/BEP-LOGO.webp\" width=\"263\" height=\"146\" alt=\"\" class=\"wp-image-530 aligncenter size-full\"><\/div>\n<h3 class=\"VgO9Yg\"><\/h3>\n<p>&nbsp;<\/p>\n<div class=\"VgO9Yg\">\n<h3 class=\"VgO9Yg\">lan\u00e7ado em setembro de 2023.<\/h3>\n<\/div>\n<div class=\"VgO9Yg\">Dispon\u00edvel nos formatos impresso e livro eletr\u00f3nico.<\/div>\n<\/div>\n<p>[\/et_pb_text][et_pb_button button_url=&#8221;https:\/\/www.amazon.co.uk\/Warp-Speed-Habits-Brain-Based-Organizations\/dp\/1637425066\/ref=sr_1_1?crid=ZLYLGPDDM9AK&amp;keywords=warp+speed+habits&amp;qid=1704789533&amp;sprefix=warp+speed+habits%2Caps%2C105&amp;sr=8-1&#8243; url_new_window=&#8221;on&#8221; button_text=&#8221;Amazon UK&#8221; button_alignment=&#8221;center&#8221; module_class=&#8221;btn_sale&#8221; _builder_version=&#8221;4.23.1&#8243; _module_preset=&#8221;default&#8221; custom_button=&#8221;on&#8221; button_text_size=&#8221;16px&#8221; button_bg_color=&#8221;rgba(0,0,0,0.71)&#8221; button_border_width=&#8221;0px&#8221; global_colors_info=&#8221;{}&#8221;][\/et_pb_button][et_pb_button button_url=&#8221;https:\/\/www.barnesandnoble.com\/w\/warp-speed-habits-marco-neves\/1143608840&#8243; url_new_window=&#8221;on&#8221; button_text=&#8221;Celeiros e Nobres&#8221; button_alignment=&#8221;center&#8221; module_class=&#8221;btn_sale&#8221; _builder_version=&#8221;4.23.1&#8243; _module_preset=&#8221;default&#8221; custom_button=&#8221;on&#8221; button_text_size=&#8221;16px&#8221; button_bg_color=&#8221;rgba(0,0,0,0.71)&#8221; button_border_width=&#8221;0px&#8221; global_colors_info=&#8221;{}&#8221;][\/et_pb_button][et_pb_button button_url=&#8221;https:\/\/www.businessexpertpress.com\/books\/warp-speed-habits-a-brain-based-roadmap-for-leveraging-change-in-organizations\/&#8221; url_new_window=&#8221;on&#8221; button_text=&#8221;BEP&#8221; button_alignment=&#8221;center&#8221; module_class=&#8221;btn_sale&#8221; _builder_version=&#8221;4.23.1&#8243; _module_preset=&#8221;default&#8221; custom_button=&#8221;on&#8221; button_text_size=&#8221;16px&#8221; button_bg_color=&#8221;rgba(0,0,0,0.71)&#8221; button_border_width=&#8221;0px&#8221; global_colors_info=&#8221;{}&#8221;][\/et_pb_button][et_pb_button button_url=&#8221;https:\/\/www.bertrand.pt\/autor\/marco-neves\/6485232&#8243; url_new_window=&#8221;on&#8221; button_text=&#8221;Bertrand&#8221; button_alignment=&#8221;center&#8221; module_class=&#8221;btn_sale&#8221; _builder_version=&#8221;4.23.1&#8243; _module_preset=&#8221;default&#8221; custom_button=&#8221;on&#8221; button_text_size=&#8221;16px&#8221; button_bg_color=&#8221;rgba(0,0,0,0.71)&#8221; button_border_width=&#8221;0px&#8221; global_colors_info=&#8221;{}&#8221;][\/et_pb_button][et_pb_button button_url=&#8221;https:\/\/www.wook.pt\/ebook\/warp-speed-habits-marco-neves\/29301483&#8243; url_new_window=&#8221;on&#8221; button_text=&#8221;Wook&#8221; button_alignment=&#8221;center&#8221; module_class=&#8221;btn_sale&#8221; _builder_version=&#8221;4.23.1&#8243; _module_preset=&#8221;default&#8221; custom_button=&#8221;on&#8221; button_text_size=&#8221;16px&#8221; button_bg_color=&#8221;rgba(0,0,0,0.71)&#8221; button_border_width=&#8221;0px&#8221; global_colors_info=&#8221;{}&#8221;][\/et_pb_button][\/et_pb_column][et_pb_column type=&#8221;1_2&#8243; _builder_version=&#8221;4.23.1&#8243; _module_preset=&#8221;default&#8221; global_colors_info=&#8221;{}&#8221;][et_pb_image src=&#8221;https:\/\/warpspeedhabits.com\/wp-content\/uploads\/2023\/12\/Book-cover.png&#8221; title_text=&#8221;Capa do livro&#8221; align=&#8221;center&#8221; _builder_version=&#8221;4.23.1&#8243; _module_preset=&#8221;default&#8221; max_width=&#8221;450px&#8221; custom_padding=&#8221;||||false|false&#8221; custom_padding_tablet=&#8221;30px||30px||false|false&#8221; custom_padding_phone=&#8221;|10%||10%|false|false&#8221; custom_padding_last_edited=&#8221;on|tablet&#8221; global_colors_info=&#8221;{}&#8221;][\/et_pb_image][\/et_pb_column][\/et_pb_row][et_pb_row column_structure=&#8221;1_2,1_2&#8243; custom_padding_last_edited=&#8221;on|tablet&#8221; _builder_version=&#8221;4.23.1&#8243; _module_preset=&#8221;default&#8221; background_color=&#8221;rgba(0,0,0,0.8)&#8221; width=&#8221;100%&#8221; max_width=&#8221;unset&#8221; custom_margin=&#8221;0px|0px|0px|0px|false|false&#8221; custom_padding=&#8221;50px|20%|50px|20%|false|false&#8221; custom_padding_tablet=&#8221;0px|0%||0%|false|false&#8221; custom_padding_phone=&#8221;0px|0%||0%|false|false&#8221; custom_css_main_element=&#8221;display:flex;||align-items: center;&#8221; collapsed=&#8221;on&#8221; global_colors_info=&#8221;{}&#8221; custom_css_main_element_last_edited=&#8221;on|phone&#8221; custom_css_main_element_phone=&#8221;display: unset;||&#8221; custom_css_main_element_tablet=&#8221;display:flex;||align-items: center;&#8221; locked=&#8221;off&#8221;][et_pb_column type=&#8221;1_2&#8243; _builder_version=&#8221;4.23.1&#8243; _module_preset=&#8221;default&#8221; global_colors_info=&#8221;{}&#8221;][et_pb_image src=&#8221;https:\/\/warpspeedhabits.com\/wp-content\/uploads\/2024\/02\/Warp-Speed-Habits_Kfr-scaled.jpg&#8221; title_text=&#8221;Warp Speed Habits_Kfr&#8221; align=&#8221;center&#8221; _builder_version=&#8221;4.23.1&#8243; _module_preset=&#8221;default&#8221; max_width=&#8221;450px&#8221; custom_padding=&#8221;||||false|false&#8221; custom_padding_tablet=&#8221;30px||30px||false|false&#8221; custom_padding_phone=&#8221;|10%||10%|false|false&#8221; custom_padding_last_edited=&#8221;on|tablet&#8221; global_colors_info=&#8221;{}&#8221;][\/et_pb_image][\/et_pb_column][et_pb_column type=&#8221;1_2&#8243; _builder_version=&#8221;4.23.1&#8243; _module_preset=&#8221;default&#8221; global_colors_info=&#8221;{}&#8221;][et_pb_text _builder_version=&#8221;4.23.1&#8243; _module_preset=&#8221;default&#8221; text_font=&#8221;Playfair Display||||||||&#8221; text_text_color=&#8221;#aaaaaa&#8221; header_3_font=&#8221;|600|||||||&#8221; header_3_text_align=&#8221;center&#8221; header_3_text_color=&#8221;#FFFFFF&#8221; header_3_line_height=&#8221;2em&#8221; header_4_font=&#8221;Arial|700|||||||&#8221; header_4_text_align=&#8221;center&#8221; header_4_text_color=&#8221;#FFFFFF&#8221; header_4_font_size=&#8221;54px&#8221; text_orientation=&#8221;center&#8221; height_tablet=&#8221;auto&#8221; height_phone=&#8221;auto&#8221; height_last_edited=&#8221;on|tablet&#8221; custom_padding=&#8221;15%||20%||false|false&#8221; custom_padding_tablet=&#8221;60px||30px||false|false&#8221; custom_padding_phone=&#8221;60px||60px||false|false&#8221; custom_padding_last_edited=&#8221;on|tablet&#8221; hover_enabled=&#8221;0&#8243; header_font_size_tablet=&#8221;&#8221; header_font_size_phone=&#8221;30px&#8221; header_font_size_last_edited=&#8221;on|phone&#8221; header_3_font_size_tablet=&#8221;&#8221; header_3_font_size_phone=&#8221;19px&#8221; header_3_font_size_last_edited=&#8221;on|phone&#8221; header_4_font_size_tablet=&#8221;54px&#8221; header_4_font_size_phone=&#8221;42px&#8221; header_4_font_size_last_edited=&#8221;on|phone&#8221; global_colors_info=&#8221;{}&#8221; sticky_enabled=&#8221;0&#8243;]<\/p>\n<div id=\"bgLayers_comp-lamfgkql\" data-hook=\"bgLayers\" class=\"MW5IWV\">\n<h3 class=\"VgO9Yg\" style=\"text-align: center;\">Lan\u00e7amento a 20 de Fevereiro de 2024<\/h3>\n<\/div>\n<p>[\/et_pb_text][\/et_pb_column][\/et_pb_row][et_pb_row custom_padding_last_edited=&#8221;on|tablet&#8221; _builder_version=&#8221;4.23.1&#8243; _module_preset=&#8221;default&#8221; background_color=&#8221;rgba(0,0,0,0.7)&#8221; width=&#8221;100%&#8221; max_width=&#8221;unset&#8221; custom_margin=&#8221;0px|0px|0px|0px|false|false&#8221; custom_padding=&#8221;|20%||20%|false|false&#8221; custom_padding_tablet=&#8221;|10%||10%|false|true&#8221; custom_padding_phone=&#8221;|10%||10%|false|true&#8221; global_colors_info=&#8221;{}&#8221;][et_pb_column type=&#8221;4_4&#8243; _builder_version=&#8221;4.23.1&#8243; _module_preset=&#8221;default&#8221; global_colors_info=&#8221;{}&#8221;][et_pb_text _builder_version=&#8221;4.23.1&#8243; _module_preset=&#8221;default&#8221; text_font=&#8221;Playfair Display||||||||&#8221; text_text_color=&#8221;#FFFFFF&#8221; text_font_size=&#8221;20px&#8221; text_line_height=&#8221;1.8em&#8221; header_font=&#8221;Arial|700|||||||&#8221; header_text_align=&#8221;center&#8221; header_text_color=&#8221;#FFFFFF&#8221; header_font_size=&#8221;45px&#8221; header_6_font=&#8221;Arial||||||||&#8221; header_6_text_align=&#8221;center&#8221; header_6_text_color=&#8221;#917151&#8243; header_6_font_size=&#8221;20px&#8221; header_6_letter_spacing=&#8221;4px&#8221; header_6_line_height=&#8221;1.5em&#8221; text_orientation=&#8221;center&#8221; custom_padding=&#8221;40px||40px||false|false&#8221; custom_css_free_form=&#8221;h6 {max-width: 450px; margin: 0 auto;}&#8221; global_colors_info=&#8221;{}&#8221;]<\/p>\n<h1>CR\u00cdTICA LITER\u00c1RIA<\/h1>\n<p>&nbsp;<\/p>\n<p>&#8220;WARP SPEED HABITS traz-nos uma vis\u00e3o inovadora sobre a forma como fazemos as coisas acontecerem de forma consistente na Gest\u00e3o. De que serve querer avan\u00e7ar, se n\u00e3o dominamos e n\u00e3o compreendemos o que est\u00e1 por detr\u00e1s da nossa vontade? O Marco p\u00f4s ordem no que pens\u00e1vamos ser aleat\u00f3rio e traz-nos um roteiro para aprender e desenvolver h\u00e1bitos de sucesso nas nossas tarefas di\u00e1rias.<br \/>Este livro real\u00e7a a import\u00e2ncia de associar a Gest\u00e3o e a Neuroci\u00eancia; \u00e9 definitivamente um quadro &#8220;um passo \u00e0 frente&#8221;.&#8221;<\/p>\n<p>&nbsp;<\/p>\n<h6>BRUNO SILVA<br \/>Membro do Conselho Executivo<br \/>GRUPO TROFA SA\u00daDE<\/h6>\n<p>&nbsp;<\/p>\n<p>&#8220;H\u00c1BITOS WARP SPEED \u00e9 um livro de leitura obrigat\u00f3ria para todos, para o nosso crescimento profissional e pessoal. A viagem proporcionada pelo Marco, nesta excelente ferramenta de conhecimento, potencia e impulsiona a transforma\u00e7\u00e3o necess\u00e1ria nestes tempos turbulentos, ligando a estrat\u00e9gia \u00e0 t\u00e1tica, atrav\u00e9s dos &#8220;h\u00e1bitos&#8221; de uma forma muito inovadora.&#8221;<\/p>\n<p>&nbsp;<\/p>\n<h6>AM\u00c2NCIO TORRES<br \/>S\u00f3cio-Gerente do M\u00e9dio Oriente<br \/>PARCEIROS SIA<\/h6>\n<p>&nbsp;<\/p>\n<p>&#8220;WARP SPEED HABITS&#8221; apresenta-nos uma abordagem inovadora e estruturada para a jornada de compreens\u00e3o e dom\u00ednio de algo t\u00e3o importante para a nossa vida pessoal e profissional como os nossos h\u00e1bitos do dia a dia. &#8220;Primeiro fazemos os nossos h\u00e1bitos e depois os nossos h\u00e1bitos fazem-nos a n\u00f3s&#8221; &#8230; uma verdade muito simples mas convincente.<br \/>A forma como o Marco nos prop\u00f5e fazer esta viagem passo a passo \u00e9 muito criativa. Com uma s\u00f3lida base cient\u00edfica, mas tamb\u00e9m com sugest\u00f5es pragm\u00e1ticas, os avatares evoluem atrav\u00e9s de desafios progressivos e de conhecimentos mais profundos na viagem de nos conhecermos e desafiarmos a n\u00f3s pr\u00f3prios e de ligarmos os nossos comportamentos di\u00e1rios ao desempenho da nossa equipa e \u00e0s estrat\u00e9gias da nossa organiza\u00e7\u00e3o.<\/p>\n<p>Sem d\u00favida, um modelo muito \u00fatil para qualquer pessoa que queira desafiar e dominar os seus h\u00e1bitos.&#8221;<\/p>\n<p>&nbsp;<\/p>\n<p>&nbsp;<\/p>\n<h6>JO\u00c3O PACHECO DE CASTRO<br \/>S\u00f3cio s\u00e9nior<br \/>EUROGROUP CONSULTING Lisboa<\/h6>\n<p>&nbsp;<\/p>\n<p>&#8220;WARP SPEED HABITS liga a Gest\u00e3o, a Lideran\u00e7a e a Neuroci\u00eancia num livro pragm\u00e1tico, levando-nos a pensar e a agir.<br \/>De uma forma metaf\u00f3rica, acompanhada de actividades e exerc\u00edcios pr\u00e1ticos, este modelo aborda a forma como os comportamentos e h\u00e1bitos podem ajudar-nos a evoluir individualmente ou em equipa, da mesma forma que podem limitar o nosso processo de melhoria cont\u00ednua.<br \/>Em \u00faltima an\u00e1lise, uma viagem que, atrav\u00e9s da personifica\u00e7\u00e3o de seis avatares que desempenham miss\u00f5es diversas, podemos tangibilizar no nosso quotidiano&#8221;.<\/p>\n<p>&nbsp;<\/p>\n<h6>PAULA ARRISCADO (Ph.D)<br \/>Diretor da Divis\u00e3o Empresarial, Pessoas, Marca e Comunica\u00e7\u00e3o<br \/>GRUPO SALVADOR CAETANO<\/h6>\n<p>&nbsp;<\/p>\n<p>Num mundo cada vez mais vol\u00e1til e complexo, a procura de um excelente desempenho \u00e9 cada vez mais um objetivo fundamental para os l\u00edderes.<br \/>Este desempenho est\u00e1 diretamente relacionado com a capacidade de mudan\u00e7a das organiza\u00e7\u00f5es, que, por sua vez, depende da capacidade de transforma\u00e7\u00e3o das pessoas.<br \/>Para isso, Warp Speed Habits prop\u00f5e uma busca estrat\u00e9gico-t\u00e1tica com o contributo positivo da neuroci\u00eancia, permitindo uma avalia\u00e7\u00e3o mais r\u00e1pida da evolu\u00e7\u00e3o das pessoas e das organiza\u00e7\u00f5es. E, desta forma, a estrutura\u00e7\u00e3o de uma viagem que nos permite acelerar a nossa evolu\u00e7\u00e3o.<\/p>\n<p>&nbsp;<\/p>\n<h6>PIERRE DEBOURDEAU<br \/>S\u00f3cio-gerente<br \/>EUROGROUP CONSULTING Lisboa<\/h6>\n<p>[\/et_pb_text][\/et_pb_column][\/et_pb_row][\/et_pb_section]<\/p>\n","protected":false},"excerpt":{"rendered":"<p>O LIVRO &nbsp; &nbsp; lan\u00e7ado em setembro de 2023. Dispon\u00edvel nos formatos impresso e livro eletr\u00f3nico. Lan\u00e7amento a 20 de Fevereiro de 2024 CR\u00cdTICA LITER\u00c1RIA &nbsp; &#8220;WARP SPEED HABITS traz-nos uma vis\u00e3o inovadora sobre a forma como fazemos as coisas acontecerem de forma consistente na Gest\u00e3o. De que serve querer avan\u00e7ar, se n\u00e3o dominamos e [&hellip;]<\/p>\n","protected":false},"author":1,"featured_media":0,"parent":0,"menu_order":0,"comment_status":"closed","ping_status":"closed","template":"","meta":{"_et_pb_use_builder":"on","_et_pb_old_content":"","_et_gb_content_width":"","footnotes":""},"class_list":["post-583","page","type-page","status-publish","hentry"],"yoast_head":"<!-- This site is optimized with the Yoast SEO plugin v25.6 - https:\/\/yoast.com\/wordpress\/plugins\/seo\/ -->\n<title>O Livro - Warp Speed Habits<\/title>\n<meta name=\"robots\" content=\"index, follow, max-snippet:-1, max-image-preview:large, max-video-preview:-1\" \/>\n<link rel=\"canonical\" href=\"https:\/\/warpspeedhabits.com\/pt-pt\/o-livro-e-as-criticas\/\" \/>\n<meta property=\"og:locale\" content=\"pt_PT\" \/>\n<meta property=\"og:type\" content=\"article\" \/>\n<meta property=\"og:title\" content=\"O Livro - Warp Speed Habits\" \/>\n<meta property=\"og:description\" content=\"O LIVRO &nbsp; &nbsp; lan\u00e7ado em setembro de 2023. Dispon\u00edvel nos formatos impresso e livro eletr\u00f3nico. Lan\u00e7amento a 20 de Fevereiro de 2024 CR\u00cdTICA LITER\u00c1RIA &nbsp; &quot;WARP SPEED HABITS traz-nos uma vis\u00e3o inovadora sobre a forma como fazemos as coisas acontecerem de forma consistente na Gest\u00e3o. De que serve querer avan\u00e7ar, se n\u00e3o dominamos e [&hellip;]\" \/>\n<meta property=\"og:url\" content=\"https:\/\/warpspeedhabits.com\/pt-pt\/o-livro-e-as-criticas\/\" \/>\n<meta property=\"og:site_name\" content=\"Warp Speed Habits\" \/>\n<meta property=\"article:modified_time\" content=\"2024-02-12T13:01:16+00:00\" \/>\n<meta property=\"og:image\" content=\"https:\/\/warpspeedhabits.com\/wp-content\/uploads\/2023\/12\/BEP-LOGO.webp\" \/>\n<meta name=\"twitter:card\" content=\"summary_large_image\" \/>\n<meta name=\"twitter:label1\" content=\"Tempo estimado de leitura\" \/>\n\t<meta name=\"twitter:data1\" content=\"8 minutos\" \/>\n<script type=\"application\/ld+json\" class=\"yoast-schema-graph\">{\"@context\":\"https:\/\/schema.org\",\"@graph\":[{\"@type\":\"WebPage\",\"@id\":\"https:\/\/warpspeedhabits.com\/pt-pt\/o-livro-e-as-criticas\/\",\"url\":\"https:\/\/warpspeedhabits.com\/pt-pt\/o-livro-e-as-criticas\/\",\"name\":\"O Livro - Warp Speed Habits\",\"isPartOf\":{\"@id\":\"https:\/\/warpspeedhabits.com\/pt-pt\/#website\"},\"primaryImageOfPage\":{\"@id\":\"https:\/\/warpspeedhabits.com\/pt-pt\/o-livro-e-as-criticas\/#primaryimage\"},\"image\":{\"@id\":\"https:\/\/warpspeedhabits.com\/pt-pt\/o-livro-e-as-criticas\/#primaryimage\"},\"thumbnailUrl\":\"https:\/\/warpspeedhabits.com\/wp-content\/uploads\/2023\/12\/BEP-LOGO.webp\",\"datePublished\":\"2023-12-05T15:34:50+00:00\",\"dateModified\":\"2024-02-12T13:01:16+00:00\",\"breadcrumb\":{\"@id\":\"https:\/\/warpspeedhabits.com\/pt-pt\/o-livro-e-as-criticas\/#breadcrumb\"},\"inLanguage\":\"pt-PT\",\"potentialAction\":[{\"@type\":\"ReadAction\",\"target\":[\"https:\/\/warpspeedhabits.com\/pt-pt\/o-livro-e-as-criticas\/\"]}]},{\"@type\":\"ImageObject\",\"inLanguage\":\"pt-PT\",\"@id\":\"https:\/\/warpspeedhabits.com\/pt-pt\/o-livro-e-as-criticas\/#primaryimage\",\"url\":\"https:\/\/warpspeedhabits.com\/wp-content\/uploads\/2023\/12\/BEP-LOGO.webp\",\"contentUrl\":\"https:\/\/warpspeedhabits.com\/wp-content\/uploads\/2023\/12\/BEP-LOGO.webp\"},{\"@type\":\"BreadcrumbList\",\"@id\":\"https:\/\/warpspeedhabits.com\/pt-pt\/o-livro-e-as-criticas\/#breadcrumb\",\"itemListElement\":[{\"@type\":\"ListItem\",\"position\":1,\"name\":\"Home\",\"item\":\"https:\/\/warpspeedhabits.com\/pt-pt\/\"},{\"@type\":\"ListItem\",\"position\":2,\"name\":\"O Livro\"}]},{\"@type\":\"WebSite\",\"@id\":\"https:\/\/warpspeedhabits.com\/pt-pt\/#website\",\"url\":\"https:\/\/warpspeedhabits.com\/pt-pt\/\",\"name\":\"Warp Speed Habits\",\"description\":\"Business Transformation\",\"potentialAction\":[{\"@type\":\"SearchAction\",\"target\":{\"@type\":\"EntryPoint\",\"urlTemplate\":\"https:\/\/warpspeedhabits.com\/pt-pt\/?s={search_term_string}\"},\"query-input\":{\"@type\":\"PropertyValueSpecification\",\"valueRequired\":true,\"valueName\":\"search_term_string\"}}],\"inLanguage\":\"pt-PT\"}]}<\/script>\n<!-- \/ Yoast SEO plugin. -->","yoast_head_json":{"title":"O Livro - Warp Speed Habits","robots":{"index":"index","follow":"follow","max-snippet":"max-snippet:-1","max-image-preview":"max-image-preview:large","max-video-preview":"max-video-preview:-1"},"canonical":"https:\/\/warpspeedhabits.com\/pt-pt\/o-livro-e-as-criticas\/","og_locale":"pt_PT","og_type":"article","og_title":"O Livro - Warp Speed Habits","og_description":"O LIVRO &nbsp; &nbsp; lan\u00e7ado em setembro de 2023. Dispon\u00edvel nos formatos impresso e livro eletr\u00f3nico. Lan\u00e7amento a 20 de Fevereiro de 2024 CR\u00cdTICA LITER\u00c1RIA &nbsp; \"WARP SPEED HABITS traz-nos uma vis\u00e3o inovadora sobre a forma como fazemos as coisas acontecerem de forma consistente na Gest\u00e3o. De que serve querer avan\u00e7ar, se n\u00e3o dominamos e [&hellip;]","og_url":"https:\/\/warpspeedhabits.com\/pt-pt\/o-livro-e-as-criticas\/","og_site_name":"Warp Speed Habits","article_modified_time":"2024-02-12T13:01:16+00:00","og_image":[{"url":"https:\/\/warpspeedhabits.com\/wp-content\/uploads\/2023\/12\/BEP-LOGO.webp","type":"","width":"","height":""}],"twitter_card":"summary_large_image","twitter_misc":{"Tempo estimado de leitura":"8 minutos"},"schema":{"@context":"https:\/\/schema.org","@graph":[{"@type":"WebPage","@id":"https:\/\/warpspeedhabits.com\/pt-pt\/o-livro-e-as-criticas\/","url":"https:\/\/warpspeedhabits.com\/pt-pt\/o-livro-e-as-criticas\/","name":"O Livro - Warp Speed Habits","isPartOf":{"@id":"https:\/\/warpspeedhabits.com\/pt-pt\/#website"},"primaryImageOfPage":{"@id":"https:\/\/warpspeedhabits.com\/pt-pt\/o-livro-e-as-criticas\/#primaryimage"},"image":{"@id":"https:\/\/warpspeedhabits.com\/pt-pt\/o-livro-e-as-criticas\/#primaryimage"},"thumbnailUrl":"https:\/\/warpspeedhabits.com\/wp-content\/uploads\/2023\/12\/BEP-LOGO.webp","datePublished":"2023-12-05T15:34:50+00:00","dateModified":"2024-02-12T13:01:16+00:00","breadcrumb":{"@id":"https:\/\/warpspeedhabits.com\/pt-pt\/o-livro-e-as-criticas\/#breadcrumb"},"inLanguage":"pt-PT","potentialAction":[{"@type":"ReadAction","target":["https:\/\/warpspeedhabits.com\/pt-pt\/o-livro-e-as-criticas\/"]}]},{"@type":"ImageObject","inLanguage":"pt-PT","@id":"https:\/\/warpspeedhabits.com\/pt-pt\/o-livro-e-as-criticas\/#primaryimage","url":"https:\/\/warpspeedhabits.com\/wp-content\/uploads\/2023\/12\/BEP-LOGO.webp","contentUrl":"https:\/\/warpspeedhabits.com\/wp-content\/uploads\/2023\/12\/BEP-LOGO.webp"},{"@type":"BreadcrumbList","@id":"https:\/\/warpspeedhabits.com\/pt-pt\/o-livro-e-as-criticas\/#breadcrumb","itemListElement":[{"@type":"ListItem","position":1,"name":"Home","item":"https:\/\/warpspeedhabits.com\/pt-pt\/"},{"@type":"ListItem","position":2,"name":"O Livro"}]},{"@type":"WebSite","@id":"https:\/\/warpspeedhabits.com\/pt-pt\/#website","url":"https:\/\/warpspeedhabits.com\/pt-pt\/","name":"Warp Speed Habits","description":"Business Transformation","potentialAction":[{"@type":"SearchAction","target":{"@type":"EntryPoint","urlTemplate":"https:\/\/warpspeedhabits.com\/pt-pt\/?s={search_term_string}"},"query-input":{"@type":"PropertyValueSpecification","valueRequired":true,"valueName":"search_term_string"}}],"inLanguage":"pt-PT"}]}},"jetpack_sharing_enabled":true,"_links":{"self":[{"href":"https:\/\/warpspeedhabits.com\/pt-pt\/wp-json\/wp\/v2\/pages\/583","targetHints":{"allow":["GET"]}}],"collection":[{"href":"https:\/\/warpspeedhabits.com\/pt-pt\/wp-json\/wp\/v2\/pages"}],"about":[{"href":"https:\/\/warpspeedhabits.com\/pt-pt\/wp-json\/wp\/v2\/types\/page"}],"author":[{"embeddable":true,"href":"https:\/\/warpspeedhabits.com\/pt-pt\/wp-json\/wp\/v2\/users\/1"}],"replies":[{"embeddable":true,"href":"https:\/\/warpspeedhabits.com\/pt-pt\/wp-json\/wp\/v2\/comments?post=583"}],"version-history":[{"count":38,"href":"https:\/\/warpspeedhabits.com\/pt-pt\/wp-json\/wp\/v2\/pages\/583\/revisions"}],"predecessor-version":[{"id":3947,"href":"https:\/\/warpspeedhabits.com\/pt-pt\/wp-json\/wp\/v2\/pages\/583\/revisions\/3947"}],"wp:attachment":[{"href":"https:\/\/warpspeedhabits.com\/pt-pt\/wp-json\/wp\/v2\/media?parent=583"}],"curies":[{"name":"wp","href":"https:\/\/api.w.org\/{rel}","templated":true}]}}